{"id":50661,"date":"2021-03-22T11:57:50","date_gmt":"2021-03-22T14:57:50","guid":{"rendered":"https:\/\/colegioconcepcionlosangeles.cl\/wp\/corporacion-copy\/"},"modified":"2024-11-06T09:32:42","modified_gmt":"2024-11-06T12:32:42","slug":"nuestra-historia","status":"publish","type":"page","link":"https:\/\/colegioconcepcionlosangeles.cl\/wp\/nuestro-colegio\/nuestra-historia\/","title":{"rendered":"Nuestra Historia"},"content":{"rendered":"<p>[et_pb_section fb_built=\u00bb1&#8243; inner_shadow=\u00bbon\u00bb fullwidth=\u00bbon\u00bb admin_label=\u00bbsection\u00bb _builder_version=\u00bb4.16&#8243; background_enable_color=\u00bboff\u00bb use_background_color_gradient=\u00bbon\u00bb background_color_gradient_direction=\u00bb90deg\u00bb background_color_gradient_stops=\u00bbrgba(0,54,87,0.9) 15%|rgba(251,203,0,0.9) 100%\u00bb background_color_gradient_overlays_image=\u00bbon\u00bb background_color_gradient_start=\u00bbrgba(0,54,87,0.9)\u00bb background_color_gradient_start_position=\u00bb15%\u00bb background_color_gradient_end=\u00bbrgba(251,203,0,0.9)\u00bb background_image=\u00bbhttps:\/\/colegioconcepcionlosangeles.cl\/wp\/wp-content\/uploads\/2021\/03\/nuestra-historia-bg.jpg\u00bb custom_margin=\u00bb0px||0px||true|false\u00bb custom_padding=\u00bb0px||0px||true|false\u00bb z_index_tablet=\u00bb500&#8243; border_color_right=\u00bb#FBCB00&#8243; global_colors_info=\u00bb{}\u00bb][et_pb_fullwidth_header title=\u00bbNUESTRA HISTORIA\u00bb subhead=\u00bbDesde 1989 Formando L\u00edderes para el Futuro\u00bb content_max_width=\u00bbnone\u00bb admin_label=\u00bbFullwidth Header\u00bb _builder_version=\u00bb4.16&#8243; title_font=\u00bb|600|||||||\u00bb title_text_align=\u00bbcenter\u00bb title_text_color=\u00bb#FFFFFF\u00bb title_font_size=\u00bb36px\u00bb title_letter_spacing=\u00bb1px\u00bb subhead_font=\u00bb||||||||\u00bb subhead_text_align=\u00bbcenter\u00bb subhead_text_color=\u00bb#FFFFFF\u00bb background_color=\u00bbrgba(255, 255, 255, 0)\u00bb custom_margin=\u00bb0px||0px||true|false\u00bb custom_padding=\u00bb7vw||7vw||true|false\u00bb title_font_size_tablet=\u00bb\u00bb title_font_size_phone=\u00bb24px\u00bb title_font_size_last_edited=\u00bbon|desktop\u00bb subhead_font_size_tablet=\u00bb\u00bb subhead_font_size_phone=\u00bb14px\u00bb subhead_font_size_last_edited=\u00bbon|phone\u00bb z_index_tablet=\u00bb500&#8243; border_color_right=\u00bb#003657&#8243; global_colors_info=\u00bb{}\u00bb button_one_text_size__hover_enabled=\u00bboff\u00bb button_one_text_size__hover=\u00bbnull\u00bb button_two_text_size__hover_enabled=\u00bboff\u00bb button_two_text_size__hover=\u00bbnull\u00bb button_one_text_color__hover_enabled=\u00bboff\u00bb button_one_text_color__hover=\u00bbnull\u00bb button_two_text_color__hover_enabled=\u00bboff\u00bb button_two_text_color__hover=\u00bbnull\u00bb button_one_border_width__hover_enabled=\u00bboff\u00bb button_one_border_width__hover=\u00bbnull\u00bb button_two_border_width__hover_enabled=\u00bboff\u00bb button_two_border_width__hover=\u00bbnull\u00bb button_one_border_color__hover_enabled=\u00bboff\u00bb button_one_border_color__hover=\u00bbnull\u00bb button_two_border_color__hover_enabled=\u00bboff\u00bb button_two_border_color__hover=\u00bbnull\u00bb button_one_border_radius__hover_enabled=\u00bboff\u00bb button_one_border_radius__hover=\u00bbnull\u00bb button_two_border_radius__hover_enabled=\u00bboff\u00bb button_two_border_radius__hover=\u00bbnull\u00bb button_one_letter_spacing__hover_enabled=\u00bboff\u00bb button_one_letter_spacing__hover=\u00bbnull\u00bb button_two_letter_spacing__hover_enabled=\u00bboff\u00bb button_two_letter_spacing__hover=\u00bbnull\u00bb button_one_bg_color__hover_enabled=\u00bboff\u00bb button_one_bg_color__hover=\u00bbnull\u00bb button_two_bg_color__hover_enabled=\u00bboff\u00bb button_two_bg_color__hover=\u00bbnull\u00bb][\/et_pb_fullwidth_header][\/et_pb_section][et_pb_section fb_built=\u00bb1&#8243; disabled_on=\u00bbon|on|on\u00bb _builder_version=\u00bb4.16&#8243; _module_preset=\u00bbdefault\u00bb disabled=\u00bbon\u00bb global_colors_info=\u00bb{}\u00bb][et_pb_row use_custom_gutter=\u00bbon\u00bb gutter_width=\u00bb1&#8243; make_equal=\u00bbon\u00bb _builder_version=\u00bb4.16&#8243; _module_preset=\u00bbdefault\u00bb width=\u00bb100%\u00bb max_width=\u00bb100%\u00bb min_height=\u00bb5px\u00bb height=\u00bb5px\u00bb max_height=\u00bb5px\u00bb custom_margin=\u00bb0px||0px||true|false\u00bb custom_padding=\u00bb0px||0px||true|false\u00bb custom_css_main_element=\u00bbbackground: rgb(0,54,87);||background: linear-gradient(90deg, rgba(0,54,87,1) 0%, rgba(0,54,87,1) 85%, rgba(0,149,212,1) 85%, rgba(0,149,212,1) 95%, rgba(251,203,0,1) 95%, rgba(251,203,0,1) 100%);\u00bb locked=\u00bboff\u00bb global_colors_info=\u00bb{}\u00bb][et_pb_column type=\u00bb4_4&#8243; _builder_version=\u00bb4.16&#8243; _module_preset=\u00bbdefault\u00bb pac_dcm_carousel_specific_module_num=\u00bb0&#8243; global_colors_info=\u00bb{}\u00bb][\/et_pb_column][\/et_pb_row][\/et_pb_section][et_pb_section fb_built=\u00bb1&#8243; admin_label=\u00bbsection\u00bb _builder_version=\u00bb4.16&#8243; custom_margin=\u00bb0px||0px||true|false\u00bb custom_padding=\u00bb40px||0px||false|false\u00bb global_colors_info=\u00bb{}\u00bb][et_pb_row column_structure=\u00bb2_5,3_5&#8243; admin_label=\u00bbrow\u00bb _builder_version=\u00bb4.16&#8243; background_size=\u00bbinitial\u00bb background_position=\u00bbtop_left\u00bb background_repeat=\u00bbrepeat\u00bb custom_padding=\u00bb20px||60px||false|false\u00bb global_colors_info=\u00bb{}\u00bb][et_pb_column type=\u00bb2_5&#8243; _builder_version=\u00bb4.16&#8243; custom_padding=\u00bb|||\u00bb pac_dcm_carousel_specific_module_num=\u00bb0&#8243; global_colors_info=\u00bb{}\u00bb custom_padding__hover=\u00bb|||\u00bb][et_pb_image src=\u00bbhttps:\/\/colegioconcepcionlosangeles.cl\/wp\/wp-content\/uploads\/2021\/03\/historia.jpg\u00bb title_text=\u00bbhistoria\u00bb align=\u00bbcenter\u00bb force_fullwidth=\u00bbon\u00bb _builder_version=\u00bb4.16&#8243; _module_preset=\u00bbdefault\u00bb border_radii=\u00bbon|4px|4px|4px|4px\u00bb border_width_all=\u00bb8px\u00bb border_color_all=\u00bb#FFFFFF\u00bb box_shadow_style=\u00bbpreset1&#8243; global_colors_info=\u00bb{}\u00bb][\/et_pb_image][\/et_pb_column][et_pb_column type=\u00bb3_5&#8243; _builder_version=\u00bb4.16&#8243; custom_padding=\u00bb|||\u00bb pac_dcm_carousel_specific_module_num=\u00bb0&#8243; global_colors_info=\u00bb{}\u00bb custom_padding__hover=\u00bb|||\u00bb][et_pb_text admin_label=\u00bbText\u00bb _builder_version=\u00bb4.27.2&#8243; text_line_height=\u00bb1.8em\u00bb background_size=\u00bbinitial\u00bb background_position=\u00bbtop_left\u00bb background_repeat=\u00bbrepeat\u00bb text_orientation=\u00bbjustified\u00bb hover_enabled=\u00bb0&#8243; z_index_tablet=\u00bb500&#8243; use_border_color=\u00bboff\u00bb global_colors_info=\u00bb{}\u00bb sticky_enabled=\u00bb0&#8243;]<\/p>\n<p>El colegio fue fundado por miembros de la Logia Mas\u00f3nica de esta ciudad con el prop\u00f3sito de ofrecer una propuesta educativa \u00fanica, basada en principios laicos y humanistas. Este proyecto integral se cimienta en cuatro pilares fundamentales: <strong>\u201caprender a conocer\u201d<\/strong>, <strong>\u201caprender a hacer\u201d<\/strong>, <strong>\u201caprender a vivir juntos\u201d<\/strong> y <strong>\u201caprender a ser\u201d<\/strong>. Esta nueva visi\u00f3n educativa, centrada en una perspectiva integradora, sit\u00faa el aprendizaje como el n\u00facleo y la oportunidad para que cada estudiante crezca y se desarrolle en un entorno diverso, tolerante, libre, igualitario y fraternal.<\/p>\n<p>En 1989, este proyecto se concret\u00f3 con la apertura de 8 cursos, desde primero a octavo b\u00e1sico, con una matr\u00edcula inicial de 109 estudiantes. Al a\u00f1o siguiente, se sumaron los niveles de ense\u00f1anza media y parvularia. Paralelamente, se construyeron nuevas aulas y espacios, ampliando la infraestructura para recibir y servir a la comunidad educativa de Los \u00c1ngeles.<\/p>\n<p>Durante nuestra trayectoria, el colegio ha mantenido un esp\u00edritu de innovaci\u00f3n constante, potenciando y desarrollando habilidades y actitudes en sus estudiantes que fomentan la libertad de pensamiento, junto con s\u00f3lidos principios y valores, prepar\u00e1ndolos para enfrentar los desaf\u00edos de una sociedad en constante transformaci\u00f3n.<\/p>\n<p>[\/et_pb_text][et_pb_text admin_label=\u00bbText\u00bb _builder_version=\u00bb4.16&#8243; text_line_height=\u00bb1.8em\u00bb background_size=\u00bbinitial\u00bb background_position=\u00bbtop_left\u00bb background_repeat=\u00bbrepeat\u00bb text_orientation=\u00bbjustified\u00bb hover_enabled=\u00bb0&#8243; z_index_tablet=\u00bb500&#8243; use_border_color=\u00bboff\u00bb global_colors_info=\u00bb{}\u00bb sticky_enabled=\u00bb0&#8243; disabled_on=\u00bbon|on|on\u00bb disabled=\u00bbon\u00bb]El colegio fue creado por miembros de la Logia Mas\u00f3nica de esta ciudad, quienes buscaban entregar una propuesta educativa distinta, laica y humanista. Un proyecto educativo integral fundado en cuatro pilares: \u201caprender a conocer\u201d, \u201caprender a hacer\u201d, \u201caprender a vivir juntos a\u201d y \u201caprender a ser\u201d.<\/p>\n<p>La nueva propuesta educativa centrada en una mirada integradora que acerca y gu\u00eda permanentemente al aprendizaje como protagonista y oportunidad para que cada uno de los y las estudiantes crezca y se desarrolle en un ambiente diverso, tolerante, libre, igualitario y fraternal.<\/p>\n<p>De esta forma, en el a\u00f1o 1989, este proyecto se materializa con 8 cursos, desde primero a octavo b\u00e1sico con 109 estudiantes. El a\u00f1o siguiente se implementa la ense\u00f1anza media y parvularia. Asimismo, en paralelo, se construyeron nuevas aulas y espacios para acoger y entregar a la comunidad educativa y angelina.<\/p>\n<p>Durante estos 32 a\u00f1os el colegio ha innovado permanentemente en su quehacer, potenciando y desarrollando habilidades y actitudes en sus estudiantes que le permitan la libertad de pensamiento con s\u00f3lidos principios y valores para enfrentar los desaf\u00edos que impone una sociedad din\u00e1mica.[\/et_pb_text][\/et_pb_column][\/et_pb_row][et_pb_row column_structure=\u00bb1_2,1_2&#8243; use_custom_gutter=\u00bbon\u00bb gutter_width=\u00bb1&#8243; make_equal=\u00bbon\u00bb disabled_on=\u00bbon|on|on\u00bb _builder_version=\u00bb4.16&#8243; _module_preset=\u00bbdefault\u00bb width=\u00bb100%\u00bb max_width=\u00bb100%\u00bb custom_margin=\u00bb0px||0px||true|false\u00bb custom_padding=\u00bb0px||0px||true|false\u00bb disabled=\u00bbon\u00bb locked=\u00bboff\u00bb global_colors_info=\u00bb{}\u00bb][et_pb_column type=\u00bb1_2&#8243; _builder_version=\u00bb4.16&#8243; _module_preset=\u00bbdefault\u00bb pac_dcm_carousel_specific_module_num=\u00bb0&#8243; global_colors_info=\u00bb{}\u00bb][et_pb_image src=\u00bbhttps:\/\/colegioconcepcionlosangeles.cl\/wp\/wp-content\/uploads\/2021\/03\/proyecto-educativo-001.jpg\u00bb title_text=\u00bbproyecto-educativo-001&#8243; _builder_version=\u00bb4.16&#8243; _module_preset=\u00bbdefault\u00bb global_colors_info=\u00bb{}\u00bb][\/et_pb_image][\/et_pb_column][et_pb_column type=\u00bb1_2&#8243; _builder_version=\u00bb4.16&#8243; _module_preset=\u00bbdefault\u00bb pac_dcm_carousel_specific_module_num=\u00bb0&#8243; global_colors_info=\u00bb{}\u00bb][et_pb_image src=\u00bbhttps:\/\/colegioconcepcionlosangeles.cl\/wp\/wp-content\/uploads\/2021\/03\/proyecto-educativo-002.jpg\u00bb title_text=\u00bbproyecto-educativo-002&#8243; _builder_version=\u00bb4.16&#8243; _module_preset=\u00bbdefault\u00bb global_colors_info=\u00bb{}\u00bb][\/et_pb_image][\/et_pb_column][\/et_pb_row][\/et_pb_section]<\/p>\n","protected":false},"excerpt":{"rendered":"<p>El colegio fue fundado por miembros de la Logia Mas\u00f3nica de esta ciudad con el prop\u00f3sito de ofrecer una propuesta educativa \u00fanica, basada en principios laicos y humanistas. Este proyecto integral se cimienta en cuatro pilares fundamentales: \u201caprender a conocer\u201d, \u201caprender a hacer\u201d, \u201caprender a vivir juntos\u201d y \u201caprender a ser\u201d. Esta nueva visi\u00f3n educativa, [&hellip;]<\/p>\n","protected":false},"author":1,"featured_media":51098,"parent":51101,"menu_order":0,"comment_status":"open","ping_status":"open","template":"","meta":{"_et_pb_use_builder":"on","_et_pb_old_content":"","_et_gb_content_width":"","_monsterinsights_skip_tracking":false,"_monsterinsights_sitenote_active":false,"_monsterinsights_sitenote_note":"","_monsterinsights_sitenote_category":0,"jetpack_post_was_ever_published":false,"footnotes":""},"class_list":["post-50661","page","type-page","status-publish","has-post-thumbnail","hentry"],"yoast_head":"<!-- This site is optimized with the Yoast SEO plugin v27.3 - https:\/\/yoast.com\/product\/yoast-seo-wordpress\/ -->\n<title>Nuestra Historia - Colegio Concepci\u00f3n Los \u00c1ngeles<\/title>\n<meta name=\"description\" content=\"El Colegio Concepci\u00f3n Los \u00c1ngeles, es una instituci\u00f3n laica, pluralista y tolerante con m\u00e1s de 30 a\u00f1os de experiencia en la formaci\u00f3n de alumnos que hoy, como profesionales, aportan incansablemente al crecimiento del pa\u00eds y se perfilan como l\u00edderes de las instituciones en que laboran.\" \/>\n<meta name=\"robots\" content=\"index, follow, max-snippet:-1, max-image-preview:large, max-video-preview:-1\" \/>\n<link rel=\"canonical\" href=\"https:\/\/colegioconcepcionlosangeles.cl\/wp\/nuestro-colegio\/nuestra-historia\/\" \/>\n<meta property=\"og:locale\" content=\"es_ES\" \/>\n<meta property=\"og:type\" content=\"article\" \/>\n<meta property=\"og:title\" content=\"Nuestra Historia - Colegio Concepci\u00f3n Los \u00c1ngeles\" \/>\n<meta property=\"og:description\" content=\"El Colegio Concepci\u00f3n Los \u00c1ngeles, es una instituci\u00f3n laica, pluralista y tolerante con m\u00e1s de 30 a\u00f1os de experiencia en la formaci\u00f3n de alumnos que hoy, como profesionales, aportan incansablemente al crecimiento del pa\u00eds y se perfilan como l\u00edderes de las instituciones en que laboran.\" \/>\n<meta property=\"og:url\" content=\"https:\/\/colegioconcepcionlosangeles.cl\/wp\/nuestro-colegio\/nuestra-historia\/\" \/>\n<meta property=\"og:site_name\" content=\"Colegio Concepci\u00f3n Los \u00c1ngeles\" \/>\n<meta property=\"article:publisher\" content=\"https:\/\/www.facebook.com\/colegioconcepcion.la\" \/>\n<meta property=\"article:modified_time\" content=\"2024-11-06T12:32:42+00:00\" \/>\n<meta property=\"og:image\" content=\"https:\/\/colegioconcepcionlosangeles.cl\/wp\/wp-content\/uploads\/2021\/03\/ccla-imagen-destacada.jpg\" \/>\n\t<meta property=\"og:image:width\" content=\"1080\" \/>\n\t<meta property=\"og:image:height\" content=\"1080\" \/>\n\t<meta property=\"og:image:type\" content=\"image\/jpeg\" \/>\n<meta name=\"twitter:card\" content=\"summary_large_image\" \/>\n<meta name=\"twitter:label1\" content=\"Tiempo de lectura\" \/>\n\t<meta name=\"twitter:data1\" content=\"6 minutos\" \/>\n<script type=\"application\/ld+json\" class=\"yoast-schema-graph\">{\"@context\":\"https:\\\/\\\/schema.org\",\"@graph\":[{\"@type\":\"WebPage\",\"@id\":\"https:\\\/\\\/colegioconcepcionlosangeles.cl\\\/wp\\\/nuestro-colegio\\\/nuestra-historia\\\/\",\"url\":\"https:\\\/\\\/colegioconcepcionlosangeles.cl\\\/wp\\\/nuestro-colegio\\\/nuestra-historia\\\/\",\"name\":\"Nuestra Historia - Colegio Concepci\u00f3n Los \u00c1ngeles\",\"isPartOf\":{\"@id\":\"https:\\\/\\\/colegioconcepcionlosangeles.cl\\\/wp\\\/#website\"},\"primaryImageOfPage\":{\"@id\":\"https:\\\/\\\/colegioconcepcionlosangeles.cl\\\/wp\\\/nuestro-colegio\\\/nuestra-historia\\\/#primaryimage\"},\"image\":{\"@id\":\"https:\\\/\\\/colegioconcepcionlosangeles.cl\\\/wp\\\/nuestro-colegio\\\/nuestra-historia\\\/#primaryimage\"},\"thumbnailUrl\":\"https:\\\/\\\/colegioconcepcionlosangeles.cl\\\/wp\\\/wp-content\\\/uploads\\\/2021\\\/03\\\/ccla-imagen-destacada.jpg\",\"datePublished\":\"2021-03-22T14:57:50+00:00\",\"dateModified\":\"2024-11-06T12:32:42+00:00\",\"description\":\"El Colegio Concepci\u00f3n Los \u00c1ngeles, es una instituci\u00f3n laica, pluralista y tolerante con m\u00e1s de 30 a\u00f1os de experiencia en la formaci\u00f3n de alumnos que hoy, como profesionales, aportan incansablemente al crecimiento del pa\u00eds y se perfilan como l\u00edderes de las instituciones en que laboran.\",\"breadcrumb\":{\"@id\":\"https:\\\/\\\/colegioconcepcionlosangeles.cl\\\/wp\\\/nuestro-colegio\\\/nuestra-historia\\\/#breadcrumb\"},\"inLanguage\":\"es\",\"potentialAction\":[{\"@type\":\"ReadAction\",\"target\":[\"https:\\\/\\\/colegioconcepcionlosangeles.cl\\\/wp\\\/nuestro-colegio\\\/nuestra-historia\\\/\"]}]},{\"@type\":\"ImageObject\",\"inLanguage\":\"es\",\"@id\":\"https:\\\/\\\/colegioconcepcionlosangeles.cl\\\/wp\\\/nuestro-colegio\\\/nuestra-historia\\\/#primaryimage\",\"url\":\"https:\\\/\\\/colegioconcepcionlosangeles.cl\\\/wp\\\/wp-content\\\/uploads\\\/2021\\\/03\\\/ccla-imagen-destacada.jpg\",\"contentUrl\":\"https:\\\/\\\/colegioconcepcionlosangeles.cl\\\/wp\\\/wp-content\\\/uploads\\\/2021\\\/03\\\/ccla-imagen-destacada.jpg\",\"width\":1080,\"height\":1080},{\"@type\":\"BreadcrumbList\",\"@id\":\"https:\\\/\\\/colegioconcepcionlosangeles.cl\\\/wp\\\/nuestro-colegio\\\/nuestra-historia\\\/#breadcrumb\",\"itemListElement\":[{\"@type\":\"ListItem\",\"position\":1,\"name\":\"Portada\",\"item\":\"https:\\\/\\\/colegioconcepcionlosangeles.cl\\\/wp\\\/\"},{\"@type\":\"ListItem\",\"position\":2,\"name\":\"Nuestro Colegio\",\"item\":\"https:\\\/\\\/colegioconcepcionlosangeles.cl\\\/wp\\\/nuestro-colegio\\\/\"},{\"@type\":\"ListItem\",\"position\":3,\"name\":\"Nuestra Historia\"}]},{\"@type\":\"WebSite\",\"@id\":\"https:\\\/\\\/colegioconcepcionlosangeles.cl\\\/wp\\\/#website\",\"url\":\"https:\\\/\\\/colegioconcepcionlosangeles.cl\\\/wp\\\/\",\"name\":\"Colegio Concepci\u00f3n Los \u00c1ngeles\",\"description\":\"FORMANDO L\u00cdDERES PARA EL FUTURO\",\"publisher\":{\"@id\":\"https:\\\/\\\/colegioconcepcionlosangeles.cl\\\/wp\\\/#organization\"},\"alternateName\":\"CCLA\",\"potentialAction\":[{\"@type\":\"SearchAction\",\"target\":{\"@type\":\"EntryPoint\",\"urlTemplate\":\"https:\\\/\\\/colegioconcepcionlosangeles.cl\\\/wp\\\/?s={search_term_string}\"},\"query-input\":{\"@type\":\"PropertyValueSpecification\",\"valueRequired\":true,\"valueName\":\"search_term_string\"}}],\"inLanguage\":\"es\"},{\"@type\":\"Organization\",\"@id\":\"https:\\\/\\\/colegioconcepcionlosangeles.cl\\\/wp\\\/#organization\",\"name\":\"Colegio Concepci\u00f3n Los \u00c1ngeles\",\"alternateName\":\"CCLA\",\"url\":\"https:\\\/\\\/colegioconcepcionlosangeles.cl\\\/wp\\\/\",\"logo\":{\"@type\":\"ImageObject\",\"inLanguage\":\"es\",\"@id\":\"https:\\\/\\\/colegioconcepcionlosangeles.cl\\\/wp\\\/#\\\/schema\\\/logo\\\/image\\\/\",\"url\":\"https:\\\/\\\/colegioconcepcionlosangeles.cl\\\/wp\\\/wp-content\\\/uploads\\\/2018\\\/03\\\/ccla-logo-75x.svg\",\"contentUrl\":\"https:\\\/\\\/colegioconcepcionlosangeles.cl\\\/wp\\\/wp-content\\\/uploads\\\/2018\\\/03\\\/ccla-logo-75x.svg\",\"width\":1,\"height\":1,\"caption\":\"Colegio Concepci\u00f3n Los \u00c1ngeles\"},\"image\":{\"@id\":\"https:\\\/\\\/colegioconcepcionlosangeles.cl\\\/wp\\\/#\\\/schema\\\/logo\\\/image\\\/\"},\"sameAs\":[\"https:\\\/\\\/www.facebook.com\\\/colegioconcepcion.la\",\"https:\\\/\\\/www.instagram.com\\\/colegioconcepcion.la\\\/\"]}]}<\/script>\n<!-- \/ Yoast SEO plugin. -->","yoast_head_json":{"title":"Nuestra Historia - Colegio Concepci\u00f3n Los \u00c1ngeles","description":"El Colegio Concepci\u00f3n Los \u00c1ngeles, es una instituci\u00f3n laica, pluralista y tolerante con m\u00e1s de 30 a\u00f1os de experiencia en la formaci\u00f3n de alumnos que hoy, como profesionales, aportan incansablemente al crecimiento del pa\u00eds y se perfilan como l\u00edderes de las instituciones en que laboran.","robots":{"index":"index","follow":"follow","max-snippet":"max-snippet:-1","max-image-preview":"max-image-preview:large","max-video-preview":"max-video-preview:-1"},"canonical":"https:\/\/colegioconcepcionlosangeles.cl\/wp\/nuestro-colegio\/nuestra-historia\/","og_locale":"es_ES","og_type":"article","og_title":"Nuestra Historia - Colegio Concepci\u00f3n Los \u00c1ngeles","og_description":"El Colegio Concepci\u00f3n Los \u00c1ngeles, es una instituci\u00f3n laica, pluralista y tolerante con m\u00e1s de 30 a\u00f1os de experiencia en la formaci\u00f3n de alumnos que hoy, como profesionales, aportan incansablemente al crecimiento del pa\u00eds y se perfilan como l\u00edderes de las instituciones en que laboran.","og_url":"https:\/\/colegioconcepcionlosangeles.cl\/wp\/nuestro-colegio\/nuestra-historia\/","og_site_name":"Colegio Concepci\u00f3n Los \u00c1ngeles","article_publisher":"https:\/\/www.facebook.com\/colegioconcepcion.la","article_modified_time":"2024-11-06T12:32:42+00:00","og_image":[{"width":1080,"height":1080,"url":"https:\/\/colegioconcepcionlosangeles.cl\/wp\/wp-content\/uploads\/2021\/03\/ccla-imagen-destacada.jpg","type":"image\/jpeg"}],"twitter_card":"summary_large_image","twitter_misc":{"Tiempo de lectura":"6 minutos"},"schema":{"@context":"https:\/\/schema.org","@graph":[{"@type":"WebPage","@id":"https:\/\/colegioconcepcionlosangeles.cl\/wp\/nuestro-colegio\/nuestra-historia\/","url":"https:\/\/colegioconcepcionlosangeles.cl\/wp\/nuestro-colegio\/nuestra-historia\/","name":"Nuestra Historia - Colegio Concepci\u00f3n Los \u00c1ngeles","isPartOf":{"@id":"https:\/\/colegioconcepcionlosangeles.cl\/wp\/#website"},"primaryImageOfPage":{"@id":"https:\/\/colegioconcepcionlosangeles.cl\/wp\/nuestro-colegio\/nuestra-historia\/#primaryimage"},"image":{"@id":"https:\/\/colegioconcepcionlosangeles.cl\/wp\/nuestro-colegio\/nuestra-historia\/#primaryimage"},"thumbnailUrl":"https:\/\/colegioconcepcionlosangeles.cl\/wp\/wp-content\/uploads\/2021\/03\/ccla-imagen-destacada.jpg","datePublished":"2021-03-22T14:57:50+00:00","dateModified":"2024-11-06T12:32:42+00:00","description":"El Colegio Concepci\u00f3n Los \u00c1ngeles, es una instituci\u00f3n laica, pluralista y tolerante con m\u00e1s de 30 a\u00f1os de experiencia en la formaci\u00f3n de alumnos que hoy, como profesionales, aportan incansablemente al crecimiento del pa\u00eds y se perfilan como l\u00edderes de las instituciones en que laboran.","breadcrumb":{"@id":"https:\/\/colegioconcepcionlosangeles.cl\/wp\/nuestro-colegio\/nuestra-historia\/#breadcrumb"},"inLanguage":"es","potentialAction":[{"@type":"ReadAction","target":["https:\/\/colegioconcepcionlosangeles.cl\/wp\/nuestro-colegio\/nuestra-historia\/"]}]},{"@type":"ImageObject","inLanguage":"es","@id":"https:\/\/colegioconcepcionlosangeles.cl\/wp\/nuestro-colegio\/nuestra-historia\/#primaryimage","url":"https:\/\/colegioconcepcionlosangeles.cl\/wp\/wp-content\/uploads\/2021\/03\/ccla-imagen-destacada.jpg","contentUrl":"https:\/\/colegioconcepcionlosangeles.cl\/wp\/wp-content\/uploads\/2021\/03\/ccla-imagen-destacada.jpg","width":1080,"height":1080},{"@type":"BreadcrumbList","@id":"https:\/\/colegioconcepcionlosangeles.cl\/wp\/nuestro-colegio\/nuestra-historia\/#breadcrumb","itemListElement":[{"@type":"ListItem","position":1,"name":"Portada","item":"https:\/\/colegioconcepcionlosangeles.cl\/wp\/"},{"@type":"ListItem","position":2,"name":"Nuestro Colegio","item":"https:\/\/colegioconcepcionlosangeles.cl\/wp\/nuestro-colegio\/"},{"@type":"ListItem","position":3,"name":"Nuestra Historia"}]},{"@type":"WebSite","@id":"https:\/\/colegioconcepcionlosangeles.cl\/wp\/#website","url":"https:\/\/colegioconcepcionlosangeles.cl\/wp\/","name":"Colegio Concepci\u00f3n Los \u00c1ngeles","description":"FORMANDO L\u00cdDERES PARA EL FUTURO","publisher":{"@id":"https:\/\/colegioconcepcionlosangeles.cl\/wp\/#organization"},"alternateName":"CCLA","potentialAction":[{"@type":"SearchAction","target":{"@type":"EntryPoint","urlTemplate":"https:\/\/colegioconcepcionlosangeles.cl\/wp\/?s={search_term_string}"},"query-input":{"@type":"PropertyValueSpecification","valueRequired":true,"valueName":"search_term_string"}}],"inLanguage":"es"},{"@type":"Organization","@id":"https:\/\/colegioconcepcionlosangeles.cl\/wp\/#organization","name":"Colegio Concepci\u00f3n Los \u00c1ngeles","alternateName":"CCLA","url":"https:\/\/colegioconcepcionlosangeles.cl\/wp\/","logo":{"@type":"ImageObject","inLanguage":"es","@id":"https:\/\/colegioconcepcionlosangeles.cl\/wp\/#\/schema\/logo\/image\/","url":"https:\/\/colegioconcepcionlosangeles.cl\/wp\/wp-content\/uploads\/2018\/03\/ccla-logo-75x.svg","contentUrl":"https:\/\/colegioconcepcionlosangeles.cl\/wp\/wp-content\/uploads\/2018\/03\/ccla-logo-75x.svg","width":1,"height":1,"caption":"Colegio Concepci\u00f3n Los \u00c1ngeles"},"image":{"@id":"https:\/\/colegioconcepcionlosangeles.cl\/wp\/#\/schema\/logo\/image\/"},"sameAs":["https:\/\/www.facebook.com\/colegioconcepcion.la","https:\/\/www.instagram.com\/colegioconcepcion.la\/"]}]}},"jetpack_shortlink":"https:\/\/wp.me\/P7pFNL-db7","jetpack_sharing_enabled":true,"amp_enabled":true,"_links":{"self":[{"href":"https:\/\/colegioconcepcionlosangeles.cl\/wp\/wp-json\/wp\/v2\/pages\/50661","targetHints":{"allow":["GET"]}}],"collection":[{"href":"https:\/\/colegioconcepcionlosangeles.cl\/wp\/wp-json\/wp\/v2\/pages"}],"about":[{"href":"https:\/\/colegioconcepcionlosangeles.cl\/wp\/wp-json\/wp\/v2\/types\/page"}],"author":[{"embeddable":true,"href":"https:\/\/colegioconcepcionlosangeles.cl\/wp\/wp-json\/wp\/v2\/users\/1"}],"replies":[{"embeddable":true,"href":"https:\/\/colegioconcepcionlosangeles.cl\/wp\/wp-json\/wp\/v2\/comments?post=50661"}],"version-history":[{"count":0,"href":"https:\/\/colegioconcepcionlosangeles.cl\/wp\/wp-json\/wp\/v2\/pages\/50661\/revisions"}],"up":[{"embeddable":true,"href":"https:\/\/colegioconcepcionlosangeles.cl\/wp\/wp-json\/wp\/v2\/pages\/51101"}],"wp:featuredmedia":[{"embeddable":true,"href":"https:\/\/colegioconcepcionlosangeles.cl\/wp\/wp-json\/wp\/v2\/media\/51098"}],"wp:attachment":[{"href":"https:\/\/colegioconcepcionlosangeles.cl\/wp\/wp-json\/wp\/v2\/media?parent=50661"}],"curies":[{"name":"wp","href":"https:\/\/api.w.org\/{rel}","templated":true}]}}