{"id":3773,"date":"2016-07-01T12:04:26","date_gmt":"2016-07-01T16:04:26","guid":{"rendered":"https:\/\/colegioconcepcionlosangeles.cl\/wp\/?page_id=3773"},"modified":"2017-03-31T14:28:00","modified_gmt":"2017-03-31T17:28:00","slug":"departamento-de-ciencias","status":"publish","type":"page","link":"https:\/\/colegioconcepcionlosangeles.cl\/wp\/departamento-de-ciencias\/","title":{"rendered":"Departamento de Ciencias"},"content":{"rendered":"<p>[et_pb_section bb_built=\u00bb1&#8243; admin_label=\u00bbsection\u00bb background_color=\u00bb#00abe1&#8243; inner_shadow=\u00bbon\u00bb fullwidth=\u00bbon\u00bb background_image=\u00bbhttps:\/\/colegioconcepcionlosangeles.cl\/wp\/wp-content\/uploads\/2014\/12\/headers.jpg\u00bb transparent_background=\u00bboff\u00bb allow_player_pause=\u00bboff\u00bb parallax=\u00bboff\u00bb parallax_method=\u00bboff\u00bb padding_mobile=\u00bboff\u00bb make_fullwidth=\u00bboff\u00bb use_custom_width=\u00bboff\u00bb width_unit=\u00bbon\u00bb make_equal=\u00bboff\u00bb use_custom_gutter=\u00bboff\u00bb][et_pb_fullwidth_header admin_label=\u00bbT\u00edtulo de anchura completa\u00bb title=\u00bbDepartamento de Ciencias\u00bb background_layout=\u00bbdark\u00bb text_orientation=\u00bbleft\u00bb header_fullscreen=\u00bboff\u00bb header_scroll_down=\u00bboff\u00bb parallax=\u00bboff\u00bb parallax_method=\u00bboff\u00bb content_orientation=\u00bbcenter\u00bb image_orientation=\u00bbcenter\u00bb custom_button_one=\u00bboff\u00bb button_one_letter_spacing=\u00bb0&#8243; button_one_use_icon=\u00bbdefault\u00bb button_one_icon_placement=\u00bbright\u00bb button_one_on_hover=\u00bbon\u00bb button_one_letter_spacing_hover=\u00bb0&#8243; custom_button_two=\u00bboff\u00bb button_two_letter_spacing=\u00bb0&#8243; button_two_use_icon=\u00bbdefault\u00bb button_two_icon_placement=\u00bbright\u00bb button_two_on_hover=\u00bbon\u00bb button_two_letter_spacing_hover=\u00bb0&#8243; \/][\/et_pb_section][et_pb_section bb_built=\u00bb1&#8243; admin_label=\u00bbSecci\u00f3n\u00bb fullwidth=\u00bboff\u00bb specialty=\u00bbon\u00bb][et_pb_column type=\u00bb3_4&#8243; specialty_columns=\u00bb3&#8243;][et_pb_row_inner admin_label=\u00bbFila\u00bb][et_pb_column_inner type=\u00bb1_2&#8243; saved_specialty_column_type=\u00bb3_4&#8243;][et_pb_image admin_label=\u00bbFOTO Soledad Arriagada\u00bb src=\u00bbhttps:\/\/colegioconcepcionlosangeles.cl\/wp\/wp-content\/uploads\/2016\/06\/soledad-arriagada.jpg\u00bb animation=\u00bbleft\u00bb show_in_lightbox=\u00bboff\u00bb url_new_window=\u00bboff\u00bb use_overlay=\u00bboff\u00bb sticky=\u00bboff\u00bb align=\u00bbleft\u00bb force_fullwidth=\u00bboff\u00bb always_center_on_mobile=\u00bbon\u00bb use_border_color=\u00bboff\u00bb border_color=\u00bb#ffffff\u00bb border_style=\u00bbsolid\u00bb \/][et_pb_text admin_label=\u00bbSoledad Arriagada\u00bb background_layout=\u00bblight\u00bb text_orientation=\u00bbleft\u00bb use_border_color=\u00bboff\u00bb border_color=\u00bb#ffffff\u00bb border_style=\u00bbsolid\u00bb header_font_size=\u00bb22px\u00bb text_line_height=\u00bb1.3em\u00bb]<\/p>\n<h3>Soledad Arriagada P.<\/h3>\n<p><strong>Profesora de Ciencias<br \/>\nCoordinadora<\/strong><\/p>\n<p>[\/et_pb_text][\/et_pb_column_inner][et_pb_column_inner type=\u00bb1_2&#8243; saved_specialty_column_type=\u00bb3_4&#8243;][et_pb_image admin_label=\u00bbFOTO Lilian Caceres\u00bb src=\u00bbhttps:\/\/colegioconcepcionlosangeles.cl\/wp\/wp-content\/uploads\/2016\/06\/lilian-caceres.jpg\u00bb animation=\u00bbleft\u00bb show_in_lightbox=\u00bboff\u00bb url_new_window=\u00bboff\u00bb use_overlay=\u00bboff\u00bb sticky=\u00bboff\u00bb align=\u00bbleft\u00bb force_fullwidth=\u00bboff\u00bb always_center_on_mobile=\u00bbon\u00bb use_border_color=\u00bboff\u00bb border_color=\u00bb#ffffff\u00bb border_style=\u00bbsolid\u00bb \/][et_pb_text admin_label=\u00bbLilian Caceres\u00bb background_layout=\u00bblight\u00bb text_orientation=\u00bbleft\u00bb use_border_color=\u00bboff\u00bb border_color=\u00bb#ffffff\u00bb border_style=\u00bbsolid\u00bb header_font_size=\u00bb22px\u00bb text_line_height=\u00bb1.3em\u00bb]<\/p>\n<h3>Lilian C\u00e1ceres C.<\/h3>\n<p><strong>Profesora de Ciencias<\/strong><\/p>\n<p>[\/et_pb_text][\/et_pb_column_inner][\/et_pb_row_inner][et_pb_row_inner admin_label=\u00bbFila\u00bb][et_pb_column_inner type=\u00bb4_4&#8243; saved_specialty_column_type=\u00bb3_4&#8243;][et_pb_divider admin_label=\u00bbSeparador\u00bb color=\u00bb#dbdbdb\u00bb show_divider=\u00bbon\u00bb divider_style=\u00bbsolid\u00bb divider_position=\u00bbtop\u00bb hide_on_mobile=\u00bbon\u00bb \/][\/et_pb_column_inner][\/et_pb_row_inner][et_pb_row_inner admin_label=\u00bbFila\u00bb][et_pb_column_inner type=\u00bb1_2&#8243; saved_specialty_column_type=\u00bb3_4&#8243;][et_pb_image admin_label=\u00bbFOTO Estefany P\u00e9rez E\u00bb src=\u00bbhttps:\/\/colegioconcepcionlosangeles.cl\/wp\/wp-content\/uploads\/2016\/06\/estefany-perez.jpg\u00bb animation=\u00bbleft\u00bb show_in_lightbox=\u00bboff\u00bb url_new_window=\u00bboff\u00bb use_overlay=\u00bboff\u00bb sticky=\u00bboff\u00bb align=\u00bbleft\u00bb force_fullwidth=\u00bboff\u00bb always_center_on_mobile=\u00bbon\u00bb use_border_color=\u00bboff\u00bb border_color=\u00bb#ffffff\u00bb border_style=\u00bbsolid\u00bb \/][et_pb_text admin_label=\u00bbEstefany P\u00e9rez E\u00bb background_layout=\u00bblight\u00bb text_orientation=\u00bbleft\u00bb use_border_color=\u00bboff\u00bb border_color=\u00bb#ffffff\u00bb border_style=\u00bbsolid\u00bb header_font_size=\u00bb22px\u00bb text_line_height=\u00bb1.3em\u00bb]<\/p>\n<h3>Estefany P\u00e9rez E.<\/h3>\n<p><strong>Profesora de Ciencias<\/strong><\/p>\n<p>[\/et_pb_text][\/et_pb_column_inner][et_pb_column_inner type=\u00bb1_2&#8243; saved_specialty_column_type=\u00bb3_4&#8243;][et_pb_image admin_label=\u00bbFOTO Nadia Jara W\u00bb src=\u00bbhttps:\/\/colegioconcepcionlosangeles.cl\/wp\/wp-content\/uploads\/2016\/06\/nadia-jara.jpg\u00bb animation=\u00bbleft\u00bb show_in_lightbox=\u00bboff\u00bb url_new_window=\u00bboff\u00bb use_overlay=\u00bboff\u00bb sticky=\u00bboff\u00bb align=\u00bbleft\u00bb force_fullwidth=\u00bboff\u00bb always_center_on_mobile=\u00bbon\u00bb use_border_color=\u00bboff\u00bb border_color=\u00bb#ffffff\u00bb border_style=\u00bbsolid\u00bb \/][et_pb_text admin_label=\u00bbNadia Jara W\u00bb background_layout=\u00bblight\u00bb text_orientation=\u00bbleft\u00bb use_border_color=\u00bboff\u00bb border_color=\u00bb#ffffff\u00bb border_style=\u00bbsolid\u00bb header_font_size=\u00bb22px\u00bb text_line_height=\u00bb1.3em\u00bb]<\/p>\n<h3>Nadia Jara W.<\/h3>\n<p><strong>Profesora de Ciencias<\/strong><\/p>\n<p>[\/et_pb_text][\/et_pb_column_inner][\/et_pb_row_inner][et_pb_row_inner admin_label=\u00bbFila\u00bb][et_pb_column_inner type=\u00bb4_4&#8243; saved_specialty_column_type=\u00bb3_4&#8243;][et_pb_divider admin_label=\u00bbSeparador\u00bb color=\u00bb#dbdbdb\u00bb show_divider=\u00bbon\u00bb divider_style=\u00bbsolid\u00bb divider_position=\u00bbtop\u00bb hide_on_mobile=\u00bbon\u00bb \/][\/et_pb_column_inner][\/et_pb_row_inner][et_pb_row_inner admin_label=\u00bbFila\u00bb][et_pb_column_inner type=\u00bb1_2&#8243; saved_specialty_column_type=\u00bb3_4&#8243;][et_pb_image admin_label=\u00bbFOTO Marcelo Escobar R\u00bb src=\u00bbhttps:\/\/colegioconcepcionlosangeles.cl\/wp\/wp-content\/uploads\/2016\/06\/marcelo-escobar.jpg\u00bb animation=\u00bbleft\u00bb show_in_lightbox=\u00bboff\u00bb url_new_window=\u00bboff\u00bb use_overlay=\u00bboff\u00bb sticky=\u00bboff\u00bb align=\u00bbleft\u00bb force_fullwidth=\u00bboff\u00bb always_center_on_mobile=\u00bbon\u00bb use_border_color=\u00bboff\u00bb border_color=\u00bb#ffffff\u00bb border_style=\u00bbsolid\u00bb \/][et_pb_text admin_label=\u00bbMarcelo Escobar\u00bb background_layout=\u00bblight\u00bb text_orientation=\u00bbleft\u00bb use_border_color=\u00bboff\u00bb border_color=\u00bb#ffffff\u00bb border_style=\u00bbsolid\u00bb header_font_size=\u00bb22px\u00bb text_line_height=\u00bb1.3em\u00bb]<\/p>\n<h3>Marcelo Escobar R.<\/h3>\n<p><strong>Profesor de Ciencias<\/strong><\/p>\n<p>[\/et_pb_text][\/et_pb_column_inner][et_pb_column_inner type=\u00bb1_2&#8243; saved_specialty_column_type=\u00bb3_4&#8243;][\/et_pb_column_inner][\/et_pb_row_inner][\/et_pb_column][et_pb_column type=\u00bb1_4&#8243;][et_pb_sidebar admin_label=\u00bbBarra lateral\u00bb orientation=\u00bbright\u00bb area=\u00bbsidebar-1&#8243; background_layout=\u00bblight\u00bb remove_border=\u00bboff\u00bb \/][\/et_pb_column][\/et_pb_section][et_pb_section bb_built=\u00bb1&#8243; admin_label=\u00bbsection\u00bb background_color=\u00bb#2d3743&#8243; inner_shadow=\u00bbon\u00bb disabled_on=\u00bbon|on|on\u00bb disabled=\u00bbon\u00bb][et_pb_row admin_label=\u00bbrow\u00bb][et_pb_column type=\u00bb1_4&#8243;][et_pb_blurb admin_label=\u00bbAnuncio\u00bb background_layout=\u00bbdark\u00bb image=\u00bbhttp:\/\/www.elegantthemesimages.com\/images\/premade_blurb_5.png\u00bb title=\u00bbTimely Support\u00bb]<\/p>\n<p>Vestibulum lobortis. Donec at euismod nibh, eu bibendum quam. Nullam non gravida purus, nec eleifend tincidunt nisi. Fusce at purus in massa laoreet.<\/p>\n<p>[\/et_pb_blurb][\/et_pb_column][et_pb_column type=\u00bb1_4&#8243;][et_pb_blurb admin_label=\u00bbAnuncio\u00bb background_layout=\u00bbdark\u00bb image=\u00bbhttp:\/\/www.elegantthemesimages.com\/images\/premade_blurb_6.png\u00bb title=\u00bbInnovative Ideas\u00bb]<\/p>\n<p>Vestibulum lobortis. Donec at euismod nibh, eu bibendum quam. Nullam non gravida purus, nec eleifend tincidunt nisi. Fusce at purus in massa laoreet.<\/p>\n<p>[\/et_pb_blurb][\/et_pb_column][et_pb_column type=\u00bb1_4&#8243;][et_pb_blurb admin_label=\u00bbAnuncio\u00bb background_layout=\u00bbdark\u00bb image=\u00bbhttp:\/\/www.elegantthemesimages.com\/images\/premade_blurb_7.png\u00bb title=\u00bbAdvanced Technology\u00bb]<\/p>\n<p>Vestibulum lobortis. Donec at euismod nibh, eu bibendum quam. Nullam non gravida purus, nec eleifend tincidunt nisi. Fusce at purus in massa laoreet.<\/p>\n<p>[\/et_pb_blurb][\/et_pb_column][et_pb_column type=\u00bb1_4&#8243;][et_pb_blurb admin_label=\u00bbAnuncio\u00bb background_layout=\u00bbdark\u00bb image=\u00bbhttp:\/\/www.elegantthemesimages.com\/images\/premade_blurb_8.png\u00bb title=\u00bbClear Communication\u00bb]<\/p>\n<p>Vestibulum lobortis. Donec at euismod nibh, eu bibendum quam. Nullam non gravida purus, nec eleifend tincidunt nisi. Fusce at purus in massa laoreet.<\/p>\n<p>[\/et_pb_blurb][\/et_pb_column][\/et_pb_row][\/et_pb_section][et_pb_section bb_built=\u00bb1&#8243; admin_label=\u00bbsection\u00bb background_color=\u00bb#f5f5f5&#8243; inner_shadow=\u00bbon\u00bb disabled_on=\u00bbon|on|on\u00bb disabled=\u00bbon\u00bb][et_pb_row admin_label=\u00bbrow\u00bb][et_pb_column type=\u00bb4_4&#8243;][et_pb_text admin_label=\u00bbTexto\u00bb text_orientation=\u00bbcenter\u00bb]<\/p>\n<h2>Recent Blog Posts<\/h2>\n<p>Learn from the top thought leaders in the industry.<\/p>\n<p>[\/et_pb_text][\/et_pb_column][\/et_pb_row][et_pb_row admin_label=\u00bbrow\u00bb][et_pb_column type=\u00bb4_4&#8243;][et_pb_blog admin_label=\u00bbBlog\u00bb fullwidth=\u00bboff\u00bb show_pagination=\u00bboff\u00bb posts_number=\u00bb3&#8243; meta_date=\u00bbM j, Y\u00bb show_thumbnail=\u00bbon\u00bb show_content=\u00bboff\u00bb show_author=\u00bbon\u00bb show_date=\u00bbon\u00bb show_categories=\u00bbon\u00bb \/][\/et_pb_column][\/et_pb_row][\/et_pb_section][et_pb_section bb_built=\u00bb1&#8243; admin_label=\u00bbsection\u00bb disabled_on=\u00bbon|on|on\u00bb disabled=\u00bbon\u00bb][et_pb_row admin_label=\u00bbrow\u00bb][et_pb_column type=\u00bb4_4&#8243;][et_pb_text admin_label=\u00bbTexto\u00bb text_orientation=\u00bbcenter\u00bb]<\/p>\n<h2>Recent Projects<\/h2>\n<p>Learn from the top thought leaders in the industry.<\/p>\n<p>[\/et_pb_text][\/et_pb_column][\/et_pb_row][et_pb_row admin_label=\u00bbrow\u00bb][et_pb_column type=\u00bb4_4&#8243;][et_pb_portfolio admin_label=\u00bbPortafolios\u00bb categories=\u00bbPortfolio\u00bb fullwidth=\u00bboff\u00bb \/][\/et_pb_column][\/et_pb_row][\/et_pb_section][et_pb_section bb_built=\u00bb1&#8243; admin_label=\u00bbsection\u00bb background_color=\u00bb#7EBEC5&#8243; disabled_on=\u00bbon|on|on\u00bb disabled=\u00bbon\u00bb][et_pb_row admin_label=\u00bbrow\u00bb][et_pb_column type=\u00bb4_4&#8243;][et_pb_cta admin_label=\u00bbLlamada a la acci\u00f3n\u00bb title=\u00bbDon&#8217;t Be Shy. Get In Touch.\u00bb button_url=\u00bb#\u00bb button_text=\u00bbContact Us\u00bb background_layout=\u00bbdark\u00bb background_color=\u00bbnone\u00bb]<\/p>\n<p>If you are interested in working together, send us an inquiry and we will get back to you as soon as we can!<\/p>\n<p>[\/et_pb_cta][\/et_pb_column][\/et_pb_row][\/et_pb_section]<\/p>\n","protected":false},"excerpt":{"rendered":"<p>Soledad Arriagada P. Profesora de Ciencias Coordinadora Lilian C\u00e1ceres C. Profesora de Ciencias Estefany P\u00e9rez E. Profesora de Ciencias Nadia Jara W. Profesora de Ciencias Marcelo Escobar R. Profesor de Ciencias Vestibulum lobortis. Donec at euismod nibh, eu bibendum quam. Nullam non gravida purus, nec eleifend tincidunt nisi. Fusce at purus in massa laoreet. Vestibulum [&hellip;]<\/p>\n","protected":false},"author":1,"featured_media":0,"parent":0,"menu_order":0,"comment_status":"closed","ping_status":"closed","template":"","meta":{"_et_pb_use_builder":"on","_et_pb_old_content":"","_et_gb_content_width":"","_monsterinsights_skip_tracking":false,"_monsterinsights_sitenote_active":false,"_monsterinsights_sitenote_note":"","_monsterinsights_sitenote_category":0,"jetpack_post_was_ever_published":false,"footnotes":""},"class_list":["post-3773","page","type-page","status-publish","hentry"],"yoast_head":"<!-- This site is optimized with the Yoast SEO plugin v27.4 - https:\/\/yoast.com\/product\/yoast-seo-wordpress\/ -->\n<title>Departamento de Ciencias - Colegio Concepci\u00f3n Los \u00c1ngeles<\/title>\n<meta name=\"description\" content=\"El Colegio Concepci\u00f3n Los \u00c1ngeles, es una instituci\u00f3n laica, pluralista y tolerante con m\u00e1s de 30 a\u00f1os de experiencia en la formaci\u00f3n de alumnos que hoy, como profesionales, aportan incansablemente al crecimiento del pa\u00eds y se perfilan como l\u00edderes de las instituciones en que laboran.\" \/>\n<meta name=\"robots\" content=\"index, follow, max-snippet:-1, max-image-preview:large, max-video-preview:-1\" \/>\n<link rel=\"canonical\" href=\"https:\/\/colegioconcepcionlosangeles.cl\/wp\/departamento-de-ciencias\/\" \/>\n<meta property=\"og:locale\" content=\"es_ES\" \/>\n<meta property=\"og:type\" content=\"article\" \/>\n<meta property=\"og:title\" content=\"Departamento de Ciencias - Colegio Concepci\u00f3n Los \u00c1ngeles\" \/>\n<meta property=\"og:description\" content=\"El Colegio Concepci\u00f3n Los \u00c1ngeles, es una instituci\u00f3n laica, pluralista y tolerante con m\u00e1s de 30 a\u00f1os de experiencia en la formaci\u00f3n de alumnos que hoy, como profesionales, aportan incansablemente al crecimiento del pa\u00eds y se perfilan como l\u00edderes de las instituciones en que laboran.\" \/>\n<meta property=\"og:url\" content=\"https:\/\/colegioconcepcionlosangeles.cl\/wp\/departamento-de-ciencias\/\" \/>\n<meta property=\"og:site_name\" content=\"Colegio Concepci\u00f3n Los \u00c1ngeles\" \/>\n<meta property=\"article:publisher\" content=\"https:\/\/www.facebook.com\/colegioconcepcion.la\" \/>\n<meta property=\"article:modified_time\" content=\"2017-03-31T17:28:00+00:00\" \/>\n<meta name=\"twitter:card\" content=\"summary_large_image\" \/>\n<meta name=\"twitter:label1\" content=\"Tiempo de lectura\" \/>\n\t<meta name=\"twitter:data1\" content=\"7 minutos\" \/>\n<script type=\"application\/ld+json\" class=\"yoast-schema-graph\">{\"@context\":\"https:\\\/\\\/schema.org\",\"@graph\":[{\"@type\":\"WebPage\",\"@id\":\"https:\\\/\\\/colegioconcepcionlosangeles.cl\\\/wp\\\/departamento-de-ciencias\\\/\",\"url\":\"https:\\\/\\\/colegioconcepcionlosangeles.cl\\\/wp\\\/departamento-de-ciencias\\\/\",\"name\":\"Departamento de Ciencias - Colegio Concepci\u00f3n Los \u00c1ngeles\",\"isPartOf\":{\"@id\":\"https:\\\/\\\/colegioconcepcionlosangeles.cl\\\/wp\\\/#website\"},\"datePublished\":\"2016-07-01T16:04:26+00:00\",\"dateModified\":\"2017-03-31T17:28:00+00:00\",\"description\":\"El Colegio Concepci\u00f3n Los \u00c1ngeles, es una instituci\u00f3n laica, pluralista y tolerante con m\u00e1s de 30 a\u00f1os de experiencia en la formaci\u00f3n de alumnos que hoy, como profesionales, aportan incansablemente al crecimiento del pa\u00eds y se perfilan como l\u00edderes de las instituciones en que laboran.\",\"breadcrumb\":{\"@id\":\"https:\\\/\\\/colegioconcepcionlosangeles.cl\\\/wp\\\/departamento-de-ciencias\\\/#breadcrumb\"},\"inLanguage\":\"es\",\"potentialAction\":[{\"@type\":\"ReadAction\",\"target\":[\"https:\\\/\\\/colegioconcepcionlosangeles.cl\\\/wp\\\/departamento-de-ciencias\\\/\"]}]},{\"@type\":\"BreadcrumbList\",\"@id\":\"https:\\\/\\\/colegioconcepcionlosangeles.cl\\\/wp\\\/departamento-de-ciencias\\\/#breadcrumb\",\"itemListElement\":[{\"@type\":\"ListItem\",\"position\":1,\"name\":\"Portada\",\"item\":\"https:\\\/\\\/colegioconcepcionlosangeles.cl\\\/wp\\\/\"},{\"@type\":\"ListItem\",\"position\":2,\"name\":\"Departamento de Ciencias\"}]},{\"@type\":\"WebSite\",\"@id\":\"https:\\\/\\\/colegioconcepcionlosangeles.cl\\\/wp\\\/#website\",\"url\":\"https:\\\/\\\/colegioconcepcionlosangeles.cl\\\/wp\\\/\",\"name\":\"Colegio Concepci\u00f3n Los \u00c1ngeles\",\"description\":\"FORMANDO L\u00cdDERES PARA EL FUTURO\",\"publisher\":{\"@id\":\"https:\\\/\\\/colegioconcepcionlosangeles.cl\\\/wp\\\/#organization\"},\"alternateName\":\"CCLA\",\"potentialAction\":[{\"@type\":\"SearchAction\",\"target\":{\"@type\":\"EntryPoint\",\"urlTemplate\":\"https:\\\/\\\/colegioconcepcionlosangeles.cl\\\/wp\\\/?s={search_term_string}\"},\"query-input\":{\"@type\":\"PropertyValueSpecification\",\"valueRequired\":true,\"valueName\":\"search_term_string\"}}],\"inLanguage\":\"es\"},{\"@type\":\"Organization\",\"@id\":\"https:\\\/\\\/colegioconcepcionlosangeles.cl\\\/wp\\\/#organization\",\"name\":\"Colegio Concepci\u00f3n Los \u00c1ngeles\",\"alternateName\":\"CCLA\",\"url\":\"https:\\\/\\\/colegioconcepcionlosangeles.cl\\\/wp\\\/\",\"logo\":{\"@type\":\"ImageObject\",\"inLanguage\":\"es\",\"@id\":\"https:\\\/\\\/colegioconcepcionlosangeles.cl\\\/wp\\\/#\\\/schema\\\/logo\\\/image\\\/\",\"url\":\"https:\\\/\\\/colegioconcepcionlosangeles.cl\\\/wp\\\/wp-content\\\/uploads\\\/2018\\\/03\\\/ccla-logo-75x.svg\",\"contentUrl\":\"https:\\\/\\\/colegioconcepcionlosangeles.cl\\\/wp\\\/wp-content\\\/uploads\\\/2018\\\/03\\\/ccla-logo-75x.svg\",\"width\":1,\"height\":1,\"caption\":\"Colegio Concepci\u00f3n Los \u00c1ngeles\"},\"image\":{\"@id\":\"https:\\\/\\\/colegioconcepcionlosangeles.cl\\\/wp\\\/#\\\/schema\\\/logo\\\/image\\\/\"},\"sameAs\":[\"https:\\\/\\\/www.facebook.com\\\/colegioconcepcion.la\",\"https:\\\/\\\/www.instagram.com\\\/colegioconcepcion.la\\\/\"]}]}<\/script>\n<!-- \/ Yoast SEO plugin. -->","yoast_head_json":{"title":"Departamento de Ciencias - Colegio Concepci\u00f3n Los \u00c1ngeles","description":"El Colegio Concepci\u00f3n Los \u00c1ngeles, es una instituci\u00f3n laica, pluralista y tolerante con m\u00e1s de 30 a\u00f1os de experiencia en la formaci\u00f3n de alumnos que hoy, como profesionales, aportan incansablemente al crecimiento del pa\u00eds y se perfilan como l\u00edderes de las instituciones en que laboran.","robots":{"index":"index","follow":"follow","max-snippet":"max-snippet:-1","max-image-preview":"max-image-preview:large","max-video-preview":"max-video-preview:-1"},"canonical":"https:\/\/colegioconcepcionlosangeles.cl\/wp\/departamento-de-ciencias\/","og_locale":"es_ES","og_type":"article","og_title":"Departamento de Ciencias - Colegio Concepci\u00f3n Los \u00c1ngeles","og_description":"El Colegio Concepci\u00f3n Los \u00c1ngeles, es una instituci\u00f3n laica, pluralista y tolerante con m\u00e1s de 30 a\u00f1os de experiencia en la formaci\u00f3n de alumnos que hoy, como profesionales, aportan incansablemente al crecimiento del pa\u00eds y se perfilan como l\u00edderes de las instituciones en que laboran.","og_url":"https:\/\/colegioconcepcionlosangeles.cl\/wp\/departamento-de-ciencias\/","og_site_name":"Colegio Concepci\u00f3n Los \u00c1ngeles","article_publisher":"https:\/\/www.facebook.com\/colegioconcepcion.la","article_modified_time":"2017-03-31T17:28:00+00:00","twitter_card":"summary_large_image","twitter_misc":{"Tiempo de lectura":"7 minutos"},"schema":{"@context":"https:\/\/schema.org","@graph":[{"@type":"WebPage","@id":"https:\/\/colegioconcepcionlosangeles.cl\/wp\/departamento-de-ciencias\/","url":"https:\/\/colegioconcepcionlosangeles.cl\/wp\/departamento-de-ciencias\/","name":"Departamento de Ciencias - Colegio Concepci\u00f3n Los \u00c1ngeles","isPartOf":{"@id":"https:\/\/colegioconcepcionlosangeles.cl\/wp\/#website"},"datePublished":"2016-07-01T16:04:26+00:00","dateModified":"2017-03-31T17:28:00+00:00","description":"El Colegio Concepci\u00f3n Los \u00c1ngeles, es una instituci\u00f3n laica, pluralista y tolerante con m\u00e1s de 30 a\u00f1os de experiencia en la formaci\u00f3n de alumnos que hoy, como profesionales, aportan incansablemente al crecimiento del pa\u00eds y se perfilan como l\u00edderes de las instituciones en que laboran.","breadcrumb":{"@id":"https:\/\/colegioconcepcionlosangeles.cl\/wp\/departamento-de-ciencias\/#breadcrumb"},"inLanguage":"es","potentialAction":[{"@type":"ReadAction","target":["https:\/\/colegioconcepcionlosangeles.cl\/wp\/departamento-de-ciencias\/"]}]},{"@type":"BreadcrumbList","@id":"https:\/\/colegioconcepcionlosangeles.cl\/wp\/departamento-de-ciencias\/#breadcrumb","itemListElement":[{"@type":"ListItem","position":1,"name":"Portada","item":"https:\/\/colegioconcepcionlosangeles.cl\/wp\/"},{"@type":"ListItem","position":2,"name":"Departamento de Ciencias"}]},{"@type":"WebSite","@id":"https:\/\/colegioconcepcionlosangeles.cl\/wp\/#website","url":"https:\/\/colegioconcepcionlosangeles.cl\/wp\/","name":"Colegio Concepci\u00f3n Los \u00c1ngeles","description":"FORMANDO L\u00cdDERES PARA EL FUTURO","publisher":{"@id":"https:\/\/colegioconcepcionlosangeles.cl\/wp\/#organization"},"alternateName":"CCLA","potentialAction":[{"@type":"SearchAction","target":{"@type":"EntryPoint","urlTemplate":"https:\/\/colegioconcepcionlosangeles.cl\/wp\/?s={search_term_string}"},"query-input":{"@type":"PropertyValueSpecification","valueRequired":true,"valueName":"search_term_string"}}],"inLanguage":"es"},{"@type":"Organization","@id":"https:\/\/colegioconcepcionlosangeles.cl\/wp\/#organization","name":"Colegio Concepci\u00f3n Los \u00c1ngeles","alternateName":"CCLA","url":"https:\/\/colegioconcepcionlosangeles.cl\/wp\/","logo":{"@type":"ImageObject","inLanguage":"es","@id":"https:\/\/colegioconcepcionlosangeles.cl\/wp\/#\/schema\/logo\/image\/","url":"https:\/\/colegioconcepcionlosangeles.cl\/wp\/wp-content\/uploads\/2018\/03\/ccla-logo-75x.svg","contentUrl":"https:\/\/colegioconcepcionlosangeles.cl\/wp\/wp-content\/uploads\/2018\/03\/ccla-logo-75x.svg","width":1,"height":1,"caption":"Colegio Concepci\u00f3n Los \u00c1ngeles"},"image":{"@id":"https:\/\/colegioconcepcionlosangeles.cl\/wp\/#\/schema\/logo\/image\/"},"sameAs":["https:\/\/www.facebook.com\/colegioconcepcion.la","https:\/\/www.instagram.com\/colegioconcepcion.la\/"]}]}},"jetpack_shortlink":"https:\/\/wp.me\/P7pFNL-YR","jetpack_sharing_enabled":true,"amp_enabled":true,"_links":{"self":[{"href":"https:\/\/colegioconcepcionlosangeles.cl\/wp\/wp-json\/wp\/v2\/pages\/3773","targetHints":{"allow":["GET"]}}],"collection":[{"href":"https:\/\/colegioconcepcionlosangeles.cl\/wp\/wp-json\/wp\/v2\/pages"}],"about":[{"href":"https:\/\/colegioconcepcionlosangeles.cl\/wp\/wp-json\/wp\/v2\/types\/page"}],"author":[{"embeddable":true,"href":"https:\/\/colegioconcepcionlosangeles.cl\/wp\/wp-json\/wp\/v2\/users\/1"}],"replies":[{"embeddable":true,"href":"https:\/\/colegioconcepcionlosangeles.cl\/wp\/wp-json\/wp\/v2\/comments?post=3773"}],"version-history":[{"count":0,"href":"https:\/\/colegioconcepcionlosangeles.cl\/wp\/wp-json\/wp\/v2\/pages\/3773\/revisions"}],"wp:attachment":[{"href":"https:\/\/colegioconcepcionlosangeles.cl\/wp\/wp-json\/wp\/v2\/media?parent=3773"}],"curies":[{"name":"wp","href":"https:\/\/api.w.org\/{rel}","templated":true}]}}