{"id":29200,"date":"2018-03-19T07:46:50","date_gmt":"2018-03-19T11:46:50","guid":{"rendered":"https:\/\/colegioconcepcionlosangeles.cl\/wp\/?page_id=29200"},"modified":"2026-03-03T13:56:55","modified_gmt":"2026-03-03T16:56:55","slug":"aranceles","status":"publish","type":"page","link":"https:\/\/colegioconcepcionlosangeles.cl\/wp\/aranceles\/","title":{"rendered":"Aranceles"},"content":{"rendered":"<p>[et_pb_section fb_built=\u00bb1&#8243; inner_shadow=\u00bbon\u00bb fullwidth=\u00bbon\u00bb admin_label=\u00bbsection\u00bb _builder_version=\u00bb4.16&#8243; background_enable_color=\u00bboff\u00bb use_background_color_gradient=\u00bbon\u00bb background_color_gradient_direction=\u00bb90deg\u00bb background_color_gradient_stops=\u00bbrgba(0,54,87,0.9) 15%|rgba(251,203,0,0.9) 100%\u00bb background_color_gradient_overlays_image=\u00bbon\u00bb background_color_gradient_start=\u00bbrgba(0,54,87,0.9)\u00bb background_color_gradient_start_position=\u00bb15%\u00bb background_color_gradient_end=\u00bbrgba(251,203,0,0.9)\u00bb background_image=\u00bbhttps:\/\/colegioconcepcionlosangeles.cl\/wp\/wp-content\/uploads\/2014\/12\/bg-sitio.jpg\u00bb custom_margin=\u00bb0px||0px||true|false\u00bb custom_padding=\u00bb0px||0px||true|false\u00bb z_index_tablet=\u00bb500&#8243; border_color_right=\u00bb#FBCB00&#8243; locked=\u00bboff\u00bb global_colors_info=\u00bb{}\u00bb][et_pb_fullwidth_header title=\u00bbARANCELES 2026&#8243; content_max_width=\u00bbnone\u00bb admin_label=\u00bbFullwidth Header\u00bb _builder_version=\u00bb4.27.0&#8243; title_level=\u00bbh2&#8243; title_font=\u00bb|600|||||||\u00bb title_text_align=\u00bbcenter\u00bb title_text_color=\u00bb#FFFFFF\u00bb title_font_size=\u00bb36px\u00bb title_letter_spacing=\u00bb1px\u00bb content_font=\u00bb|||on|||||\u00bb content_text_align=\u00bbcenter\u00bb content_text_color=\u00bb#FFFFFF\u00bb subhead_font=\u00bb|600|||||||\u00bb subhead_text_align=\u00bbcenter\u00bb subhead_text_color=\u00bb#FFFFFF\u00bb subhead_font_size=\u00bb36px\u00bb background_color=\u00bbrgba(255, 255, 255, 0)\u00bb custom_margin=\u00bb0px||0px||true|false\u00bb custom_padding=\u00bb7vw||7vw||true|false\u00bb title_font_size_tablet=\u00bb\u00bb title_font_size_phone=\u00bb24px\u00bb title_font_size_last_edited=\u00bbon|phone\u00bb z_index_tablet=\u00bb500&#8243; border_color_right=\u00bb#003657&#8243; global_colors_info=\u00bb{}\u00bb button_one_text_size__hover_enabled=\u00bboff\u00bb button_one_text_size__hover=\u00bbnull\u00bb button_two_text_size__hover_enabled=\u00bboff\u00bb button_two_text_size__hover=\u00bbnull\u00bb button_one_text_color__hover_enabled=\u00bboff\u00bb button_one_text_color__hover=\u00bbnull\u00bb button_two_text_color__hover_enabled=\u00bboff\u00bb button_two_text_color__hover=\u00bbnull\u00bb button_one_border_width__hover_enabled=\u00bboff\u00bb button_one_border_width__hover=\u00bbnull\u00bb button_two_border_width__hover_enabled=\u00bboff\u00bb button_two_border_width__hover=\u00bbnull\u00bb button_one_border_color__hover_enabled=\u00bboff\u00bb button_one_border_color__hover=\u00bbnull\u00bb button_two_border_color__hover_enabled=\u00bboff\u00bb button_two_border_color__hover=\u00bbnull\u00bb button_one_border_radius__hover_enabled=\u00bboff\u00bb button_one_border_radius__hover=\u00bbnull\u00bb button_two_border_radius__hover_enabled=\u00bboff\u00bb button_two_border_radius__hover=\u00bbnull\u00bb button_one_letter_spacing__hover_enabled=\u00bboff\u00bb button_one_letter_spacing__hover=\u00bbnull\u00bb button_two_letter_spacing__hover_enabled=\u00bboff\u00bb button_two_letter_spacing__hover=\u00bbnull\u00bb button_one_bg_color__hover_enabled=\u00bboff\u00bb button_one_bg_color__hover=\u00bbnull\u00bb button_two_bg_color__hover_enabled=\u00bboff\u00bb button_two_bg_color__hover=\u00bbnull\u00bb][\/et_pb_fullwidth_header][\/et_pb_section][et_pb_section fb_built=\u00bb1&#8243; _builder_version=\u00bb4.16&#8243; global_colors_info=\u00bb{}\u00bb][et_pb_row disabled_on=\u00bboff|off|off\u00bb _builder_version=\u00bb4.18.0&#8243; background_size=\u00bbinitial\u00bb background_position=\u00bbtop_left\u00bb background_repeat=\u00bbrepeat\u00bb width_tablet=\u00bb\u00bb width_phone=\u00bb90%\u00bb width_last_edited=\u00bbon|phone\u00bb max_width_tablet=\u00bb\u00bb max_width_phone=\u00bb90%\u00bb max_width_last_edited=\u00bbon|phone\u00bb global_colors_info=\u00bb{}\u00bb global_module=\u00bb268302&#8243; saved_tabs=\u00bball\u00bb][et_pb_column type=\u00bb4_4&#8243; _builder_version=\u00bb4.16&#8243; custom_padding=\u00bb|||\u00bb pac_dcm_carousel_specific_module_num=\u00bb0&#8243; global_colors_info=\u00bb{}\u00bb custom_padding__hover=\u00bb|||\u00bb][et_pb_code _builder_version=\u00bb4.27.4&#8243; global_colors_info=\u00bb{}\u00bb]<div id=\"footable_parent_267518\"\n         class=\" footable_parent ninja_table_wrapper loading_ninja_table wp_table_data_press_parent semantic_ui \">\n                <table data-ninja_table_instance=\"ninja_table_instance_0\" data-footable_id=\"267518\" data-filter-delay=\"1000\" aria-label=\"ARANCELES 2026 2\"            id=\"footable_267518\"\n           data-unique_identifier=\"ninja_table_unique_id_4111222144_267518\"\n           class=\" foo-table ninja_footable foo_table_267518 ninja_table_unique_id_4111222144_267518 ui table  nt_type_ajax_table fixed selectable celled striped vertical_centered  footable-paging-right ninja_table_search_disabled\">\n                <colgroup>\n                            <col class=\"ninja_column_0 \">\n                            <col class=\"ninja_column_1 \">\n                            <col class=\"ninja_column_2 \">\n                            <col class=\"ninja_column_3 \">\n                            <col class=\"ninja_column_4 \">\n                    <\/colgroup>\n            <\/table>\n    \n    \n    \n<\/div>\n[\/et_pb_code][\/et_pb_column][\/et_pb_row][et_pb_row disabled_on=\u00bbon|on|on\u00bb _builder_version=\u00bb4.16&#8243; background_size=\u00bbinitial\u00bb background_position=\u00bbtop_left\u00bb background_repeat=\u00bbrepeat\u00bb disabled=\u00bbon\u00bb global_colors_info=\u00bb{}\u00bb][et_pb_column type=\u00bb4_4&#8243; _builder_version=\u00bb4.16&#8243; custom_padding=\u00bb|||\u00bb pac_dcm_carousel_specific_module_num=\u00bb0&#8243; global_colors_info=\u00bb{}\u00bb custom_padding__hover=\u00bb|||\u00bb][et_pb_code _builder_version=\u00bb4.18.0&#8243; text_orientation=\u00bbcenter\u00bb width=\u00bb100%\u00bb max_width=\u00bb100%\u00bb global_colors_info=\u00bb{}\u00bb]<script src=\"https:\/\/unpkg.com\/@lottiefiles\/lottie-player@latest\/dist\/lottie-player.js\"><\/script><!-- [et_pb_line_break_holder] --><lottie-player src=\"https:\/\/assets5.lottiefiles.com\/packages\/lf20_pmaz8tks.json\"  background=\"transparent\"  speed=\"1\"  style=\"width: 300px; height: 300px; margin: 0 auto;\"  loop  autoplay><\/lottie-player>[\/et_pb_code][et_pb_text _builder_version=\u00bb4.18.0&#8243; _module_preset=\u00bbdefault\u00bb header_2_text_align=\u00bbcenter\u00bb header_2_font_size=\u00bb31px\u00bb custom_margin=\u00bb||80px||false|false\u00bb global_colors_info=\u00bb{}\u00bb]<\/p>\n<h2>En desarrollo<\/h2>\n<p>[\/et_pb_text][\/et_pb_column][\/et_pb_row][\/et_pb_section]<\/p>\n","protected":false},"excerpt":{"rendered":"<p><div id=\"footable_parent_267518\"\n         class=\" footable_parent ninja_table_wrapper loading_ninja_table wp_table_data_press_parent semantic_ui \">\n                <table data-ninja_table_instance=\"ninja_table_instance_1\" data-footable_id=\"267518\" data-filter-delay=\"1000\" aria-label=\"ARANCELES 2026 2\"            id=\"footable_267518\"\n           data-unique_identifier=\"ninja_table_unique_id_165169679_267518\"\n           class=\" foo-table ninja_footable foo_table_267518 ninja_table_unique_id_165169679_267518 ui table  nt_type_ajax_table fixed selectable celled striped vertical_centered  footable-paging-right ninja_table_search_disabled\">\n                <colgroup>\n                            <col class=\"ninja_column_0 \">\n                            <col class=\"ninja_column_1 \">\n                            <col class=\"ninja_column_2 \">\n                            <col class=\"ninja_column_3 \">\n                            <col class=\"ninja_column_4 \">\n                    <\/colgroup>\n            <\/table>\n    \n    \n    \n<\/div>\nEn desarrollo<\/p>\n","protected":false},"author":1,"featured_media":51098,"parent":0,"menu_order":0,"comment_status":"closed","ping_status":"closed","template":"","meta":{"_et_pb_use_builder":"on","_et_pb_old_content":"","_et_gb_content_width":"","_monsterinsights_skip_tracking":false,"_monsterinsights_sitenote_active":false,"_monsterinsights_sitenote_note":"","_monsterinsights_sitenote_category":0,"jetpack_post_was_ever_published":false,"footnotes":""},"class_list":["post-29200","page","type-page","status-publish","has-post-thumbnail","hentry"],"yoast_head":"<!-- This site is optimized with the Yoast SEO plugin v27.3 - https:\/\/yoast.com\/product\/yoast-seo-wordpress\/ -->\n<title>Aranceles - Colegio Concepci\u00f3n Los \u00c1ngeles<\/title>\n<meta name=\"description\" content=\"El Colegio Concepci\u00f3n Los \u00c1ngeles, es una instituci\u00f3n laica, pluralista y tolerante con m\u00e1s de 30 a\u00f1os de experiencia en la formaci\u00f3n de alumnos que hoy, como profesionales, aportan incansablemente al crecimiento del pa\u00eds y se perfilan como l\u00edderes de las instituciones en que laboran.\" \/>\n<meta name=\"robots\" content=\"index, follow, max-snippet:-1, max-image-preview:large, max-video-preview:-1\" \/>\n<link rel=\"canonical\" href=\"https:\/\/colegioconcepcionlosangeles.cl\/wp\/aranceles\/\" \/>\n<meta property=\"og:locale\" content=\"es_ES\" \/>\n<meta property=\"og:type\" content=\"article\" \/>\n<meta property=\"og:title\" content=\"Aranceles - Colegio Concepci\u00f3n Los \u00c1ngeles\" \/>\n<meta property=\"og:description\" content=\"El Colegio Concepci\u00f3n Los \u00c1ngeles, es una instituci\u00f3n laica, pluralista y tolerante con m\u00e1s de 30 a\u00f1os de experiencia en la formaci\u00f3n de alumnos que hoy, como profesionales, aportan incansablemente al crecimiento del pa\u00eds y se perfilan como l\u00edderes de las instituciones en que laboran.\" \/>\n<meta property=\"og:url\" content=\"https:\/\/colegioconcepcionlosangeles.cl\/wp\/aranceles\/\" \/>\n<meta property=\"og:site_name\" content=\"Colegio Concepci\u00f3n Los \u00c1ngeles\" \/>\n<meta property=\"article:publisher\" content=\"https:\/\/www.facebook.com\/colegioconcepcion.la\" \/>\n<meta property=\"article:modified_time\" content=\"2026-03-03T16:56:55+00:00\" \/>\n<meta property=\"og:image\" content=\"https:\/\/colegioconcepcionlosangeles.cl\/wp\/wp-content\/uploads\/2021\/03\/ccla-imagen-destacada.jpg\" \/>\n\t<meta property=\"og:image:width\" content=\"1080\" \/>\n\t<meta property=\"og:image:height\" content=\"1080\" \/>\n\t<meta property=\"og:image:type\" content=\"image\/jpeg\" \/>\n<meta name=\"twitter:card\" content=\"summary_large_image\" \/>\n<meta name=\"twitter:label1\" content=\"Tiempo de lectura\" \/>\n\t<meta name=\"twitter:data1\" content=\"1 minuto\" \/>\n<script type=\"application\/ld+json\" class=\"yoast-schema-graph\">{\"@context\":\"https:\\\/\\\/schema.org\",\"@graph\":[{\"@type\":\"WebPage\",\"@id\":\"https:\\\/\\\/colegioconcepcionlosangeles.cl\\\/wp\\\/aranceles\\\/\",\"url\":\"https:\\\/\\\/colegioconcepcionlosangeles.cl\\\/wp\\\/aranceles\\\/\",\"name\":\"Aranceles - Colegio Concepci\u00f3n Los \u00c1ngeles\",\"isPartOf\":{\"@id\":\"https:\\\/\\\/colegioconcepcionlosangeles.cl\\\/wp\\\/#website\"},\"primaryImageOfPage\":{\"@id\":\"https:\\\/\\\/colegioconcepcionlosangeles.cl\\\/wp\\\/aranceles\\\/#primaryimage\"},\"image\":{\"@id\":\"https:\\\/\\\/colegioconcepcionlosangeles.cl\\\/wp\\\/aranceles\\\/#primaryimage\"},\"thumbnailUrl\":\"https:\\\/\\\/colegioconcepcionlosangeles.cl\\\/wp\\\/wp-content\\\/uploads\\\/2021\\\/03\\\/ccla-imagen-destacada.jpg\",\"datePublished\":\"2018-03-19T11:46:50+00:00\",\"dateModified\":\"2026-03-03T16:56:55+00:00\",\"description\":\"El Colegio Concepci\u00f3n Los \u00c1ngeles, es una instituci\u00f3n laica, pluralista y tolerante con m\u00e1s de 30 a\u00f1os de experiencia en la formaci\u00f3n de alumnos que hoy, como profesionales, aportan incansablemente al crecimiento del pa\u00eds y se perfilan como l\u00edderes de las instituciones en que laboran.\",\"breadcrumb\":{\"@id\":\"https:\\\/\\\/colegioconcepcionlosangeles.cl\\\/wp\\\/aranceles\\\/#breadcrumb\"},\"inLanguage\":\"es\",\"potentialAction\":[{\"@type\":\"ReadAction\",\"target\":[\"https:\\\/\\\/colegioconcepcionlosangeles.cl\\\/wp\\\/aranceles\\\/\"]}]},{\"@type\":\"ImageObject\",\"inLanguage\":\"es\",\"@id\":\"https:\\\/\\\/colegioconcepcionlosangeles.cl\\\/wp\\\/aranceles\\\/#primaryimage\",\"url\":\"https:\\\/\\\/colegioconcepcionlosangeles.cl\\\/wp\\\/wp-content\\\/uploads\\\/2021\\\/03\\\/ccla-imagen-destacada.jpg\",\"contentUrl\":\"https:\\\/\\\/colegioconcepcionlosangeles.cl\\\/wp\\\/wp-content\\\/uploads\\\/2021\\\/03\\\/ccla-imagen-destacada.jpg\",\"width\":1080,\"height\":1080},{\"@type\":\"BreadcrumbList\",\"@id\":\"https:\\\/\\\/colegioconcepcionlosangeles.cl\\\/wp\\\/aranceles\\\/#breadcrumb\",\"itemListElement\":[{\"@type\":\"ListItem\",\"position\":1,\"name\":\"Portada\",\"item\":\"https:\\\/\\\/colegioconcepcionlosangeles.cl\\\/wp\\\/\"},{\"@type\":\"ListItem\",\"position\":2,\"name\":\"Aranceles\"}]},{\"@type\":\"WebSite\",\"@id\":\"https:\\\/\\\/colegioconcepcionlosangeles.cl\\\/wp\\\/#website\",\"url\":\"https:\\\/\\\/colegioconcepcionlosangeles.cl\\\/wp\\\/\",\"name\":\"Colegio Concepci\u00f3n Los \u00c1ngeles\",\"description\":\"FORMANDO L\u00cdDERES PARA EL FUTURO\",\"publisher\":{\"@id\":\"https:\\\/\\\/colegioconcepcionlosangeles.cl\\\/wp\\\/#organization\"},\"alternateName\":\"CCLA\",\"potentialAction\":[{\"@type\":\"SearchAction\",\"target\":{\"@type\":\"EntryPoint\",\"urlTemplate\":\"https:\\\/\\\/colegioconcepcionlosangeles.cl\\\/wp\\\/?s={search_term_string}\"},\"query-input\":{\"@type\":\"PropertyValueSpecification\",\"valueRequired\":true,\"valueName\":\"search_term_string\"}}],\"inLanguage\":\"es\"},{\"@type\":\"Organization\",\"@id\":\"https:\\\/\\\/colegioconcepcionlosangeles.cl\\\/wp\\\/#organization\",\"name\":\"Colegio Concepci\u00f3n Los \u00c1ngeles\",\"alternateName\":\"CCLA\",\"url\":\"https:\\\/\\\/colegioconcepcionlosangeles.cl\\\/wp\\\/\",\"logo\":{\"@type\":\"ImageObject\",\"inLanguage\":\"es\",\"@id\":\"https:\\\/\\\/colegioconcepcionlosangeles.cl\\\/wp\\\/#\\\/schema\\\/logo\\\/image\\\/\",\"url\":\"https:\\\/\\\/colegioconcepcionlosangeles.cl\\\/wp\\\/wp-content\\\/uploads\\\/2018\\\/03\\\/ccla-logo-75x.svg\",\"contentUrl\":\"https:\\\/\\\/colegioconcepcionlosangeles.cl\\\/wp\\\/wp-content\\\/uploads\\\/2018\\\/03\\\/ccla-logo-75x.svg\",\"width\":1,\"height\":1,\"caption\":\"Colegio Concepci\u00f3n Los \u00c1ngeles\"},\"image\":{\"@id\":\"https:\\\/\\\/colegioconcepcionlosangeles.cl\\\/wp\\\/#\\\/schema\\\/logo\\\/image\\\/\"},\"sameAs\":[\"https:\\\/\\\/www.facebook.com\\\/colegioconcepcion.la\",\"https:\\\/\\\/www.instagram.com\\\/colegioconcepcion.la\\\/\"]}]}<\/script>\n<!-- \/ Yoast SEO plugin. -->","yoast_head_json":{"title":"Aranceles - Colegio Concepci\u00f3n Los \u00c1ngeles","description":"El Colegio Concepci\u00f3n Los \u00c1ngeles, es una instituci\u00f3n laica, pluralista y tolerante con m\u00e1s de 30 a\u00f1os de experiencia en la formaci\u00f3n de alumnos que hoy, como profesionales, aportan incansablemente al crecimiento del pa\u00eds y se perfilan como l\u00edderes de las instituciones en que laboran.","robots":{"index":"index","follow":"follow","max-snippet":"max-snippet:-1","max-image-preview":"max-image-preview:large","max-video-preview":"max-video-preview:-1"},"canonical":"https:\/\/colegioconcepcionlosangeles.cl\/wp\/aranceles\/","og_locale":"es_ES","og_type":"article","og_title":"Aranceles - Colegio Concepci\u00f3n Los \u00c1ngeles","og_description":"El Colegio Concepci\u00f3n Los \u00c1ngeles, es una instituci\u00f3n laica, pluralista y tolerante con m\u00e1s de 30 a\u00f1os de experiencia en la formaci\u00f3n de alumnos que hoy, como profesionales, aportan incansablemente al crecimiento del pa\u00eds y se perfilan como l\u00edderes de las instituciones en que laboran.","og_url":"https:\/\/colegioconcepcionlosangeles.cl\/wp\/aranceles\/","og_site_name":"Colegio Concepci\u00f3n Los \u00c1ngeles","article_publisher":"https:\/\/www.facebook.com\/colegioconcepcion.la","article_modified_time":"2026-03-03T16:56:55+00:00","og_image":[{"width":1080,"height":1080,"url":"https:\/\/colegioconcepcionlosangeles.cl\/wp\/wp-content\/uploads\/2021\/03\/ccla-imagen-destacada.jpg","type":"image\/jpeg"}],"twitter_card":"summary_large_image","twitter_misc":{"Tiempo de lectura":"1 minuto"},"schema":{"@context":"https:\/\/schema.org","@graph":[{"@type":"WebPage","@id":"https:\/\/colegioconcepcionlosangeles.cl\/wp\/aranceles\/","url":"https:\/\/colegioconcepcionlosangeles.cl\/wp\/aranceles\/","name":"Aranceles - Colegio Concepci\u00f3n Los \u00c1ngeles","isPartOf":{"@id":"https:\/\/colegioconcepcionlosangeles.cl\/wp\/#website"},"primaryImageOfPage":{"@id":"https:\/\/colegioconcepcionlosangeles.cl\/wp\/aranceles\/#primaryimage"},"image":{"@id":"https:\/\/colegioconcepcionlosangeles.cl\/wp\/aranceles\/#primaryimage"},"thumbnailUrl":"https:\/\/colegioconcepcionlosangeles.cl\/wp\/wp-content\/uploads\/2021\/03\/ccla-imagen-destacada.jpg","datePublished":"2018-03-19T11:46:50+00:00","dateModified":"2026-03-03T16:56:55+00:00","description":"El Colegio Concepci\u00f3n Los \u00c1ngeles, es una instituci\u00f3n laica, pluralista y tolerante con m\u00e1s de 30 a\u00f1os de experiencia en la formaci\u00f3n de alumnos que hoy, como profesionales, aportan incansablemente al crecimiento del pa\u00eds y se perfilan como l\u00edderes de las instituciones en que laboran.","breadcrumb":{"@id":"https:\/\/colegioconcepcionlosangeles.cl\/wp\/aranceles\/#breadcrumb"},"inLanguage":"es","potentialAction":[{"@type":"ReadAction","target":["https:\/\/colegioconcepcionlosangeles.cl\/wp\/aranceles\/"]}]},{"@type":"ImageObject","inLanguage":"es","@id":"https:\/\/colegioconcepcionlosangeles.cl\/wp\/aranceles\/#primaryimage","url":"https:\/\/colegioconcepcionlosangeles.cl\/wp\/wp-content\/uploads\/2021\/03\/ccla-imagen-destacada.jpg","contentUrl":"https:\/\/colegioconcepcionlosangeles.cl\/wp\/wp-content\/uploads\/2021\/03\/ccla-imagen-destacada.jpg","width":1080,"height":1080},{"@type":"BreadcrumbList","@id":"https:\/\/colegioconcepcionlosangeles.cl\/wp\/aranceles\/#breadcrumb","itemListElement":[{"@type":"ListItem","position":1,"name":"Portada","item":"https:\/\/colegioconcepcionlosangeles.cl\/wp\/"},{"@type":"ListItem","position":2,"name":"Aranceles"}]},{"@type":"WebSite","@id":"https:\/\/colegioconcepcionlosangeles.cl\/wp\/#website","url":"https:\/\/colegioconcepcionlosangeles.cl\/wp\/","name":"Colegio Concepci\u00f3n Los \u00c1ngeles","description":"FORMANDO L\u00cdDERES PARA EL FUTURO","publisher":{"@id":"https:\/\/colegioconcepcionlosangeles.cl\/wp\/#organization"},"alternateName":"CCLA","potentialAction":[{"@type":"SearchAction","target":{"@type":"EntryPoint","urlTemplate":"https:\/\/colegioconcepcionlosangeles.cl\/wp\/?s={search_term_string}"},"query-input":{"@type":"PropertyValueSpecification","valueRequired":true,"valueName":"search_term_string"}}],"inLanguage":"es"},{"@type":"Organization","@id":"https:\/\/colegioconcepcionlosangeles.cl\/wp\/#organization","name":"Colegio Concepci\u00f3n Los \u00c1ngeles","alternateName":"CCLA","url":"https:\/\/colegioconcepcionlosangeles.cl\/wp\/","logo":{"@type":"ImageObject","inLanguage":"es","@id":"https:\/\/colegioconcepcionlosangeles.cl\/wp\/#\/schema\/logo\/image\/","url":"https:\/\/colegioconcepcionlosangeles.cl\/wp\/wp-content\/uploads\/2018\/03\/ccla-logo-75x.svg","contentUrl":"https:\/\/colegioconcepcionlosangeles.cl\/wp\/wp-content\/uploads\/2018\/03\/ccla-logo-75x.svg","width":1,"height":1,"caption":"Colegio Concepci\u00f3n Los \u00c1ngeles"},"image":{"@id":"https:\/\/colegioconcepcionlosangeles.cl\/wp\/#\/schema\/logo\/image\/"},"sameAs":["https:\/\/www.facebook.com\/colegioconcepcion.la","https:\/\/www.instagram.com\/colegioconcepcion.la\/"]}]}},"jetpack_shortlink":"https:\/\/wp.me\/P7pFNL-7AY","jetpack_sharing_enabled":true,"amp_enabled":true,"_links":{"self":[{"href":"https:\/\/colegioconcepcionlosangeles.cl\/wp\/wp-json\/wp\/v2\/pages\/29200","targetHints":{"allow":["GET"]}}],"collection":[{"href":"https:\/\/colegioconcepcionlosangeles.cl\/wp\/wp-json\/wp\/v2\/pages"}],"about":[{"href":"https:\/\/colegioconcepcionlosangeles.cl\/wp\/wp-json\/wp\/v2\/types\/page"}],"author":[{"embeddable":true,"href":"https:\/\/colegioconcepcionlosangeles.cl\/wp\/wp-json\/wp\/v2\/users\/1"}],"replies":[{"embeddable":true,"href":"https:\/\/colegioconcepcionlosangeles.cl\/wp\/wp-json\/wp\/v2\/comments?post=29200"}],"version-history":[{"count":0,"href":"https:\/\/colegioconcepcionlosangeles.cl\/wp\/wp-json\/wp\/v2\/pages\/29200\/revisions"}],"wp:featuredmedia":[{"embeddable":true,"href":"https:\/\/colegioconcepcionlosangeles.cl\/wp\/wp-json\/wp\/v2\/media\/51098"}],"wp:attachment":[{"href":"https:\/\/colegioconcepcionlosangeles.cl\/wp\/wp-json\/wp\/v2\/media?parent=29200"}],"curies":[{"name":"wp","href":"https:\/\/api.w.org\/{rel}","templated":true}]}}