{"id":268097,"date":"2025-11-18T15:11:56","date_gmt":"2025-11-18T18:11:56","guid":{"rendered":"https:\/\/colegioconcepcionlosangeles.cl\/wp\/?page_id=268097"},"modified":"2025-11-18T15:18:50","modified_gmt":"2025-11-18T18:18:50","slug":"noticias","status":"publish","type":"page","link":"https:\/\/colegioconcepcionlosangeles.cl\/wp\/noticias\/","title":{"rendered":"Noticias"},"content":{"rendered":"<p>[et_pb_section fb_built=\u00bb1&#8243; _builder_version=\u00bb4.24.3&#8243; _module_preset=\u00bbdefault\u00bb background_enable_color=\u00bboff\u00bb use_background_color_gradient=\u00bbon\u00bb background_color_gradient_direction=\u00bb90deg\u00bb background_color_gradient_stops=\u00bbrgba(0,54,87,0.9) 15%|rgba(251,203,0,0.9) 100%\u00bb background_color_gradient_overlays_image=\u00bbon\u00bb background_color_gradient_start=\u00bbrgba(0,54,87,0.9)\u00bb background_color_gradient_start_position=\u00bb15%\u00bb background_color_gradient_end=\u00bbrgba(251,203,0,0.9)\u00bb background_image=\u00bbhttps:\/\/colegioconcepcionlosangeles.cl\/wp\/wp-content\/uploads\/2021\/03\/admision-bg.jpg\u00bb custom_margin=\u00bb0px||0px||true|false\u00bb custom_padding=\u00bb3vw||3vw||true|false\u00bb locked=\u00bboff\u00bb global_colors_info=\u00bb{}\u00bb][et_pb_row _builder_version=\u00bb4.24.2&#8243; _module_preset=\u00bbdefault\u00bb global_colors_info=\u00bb{}\u00bb][et_pb_column type=\u00bb4_4&#8243; _builder_version=\u00bb4.24.2&#8243; _module_preset=\u00bbdefault\u00bb pac_dcm_carousel_specific_module_num=\u00bb0&#8243; global_colors_info=\u00bb{}\u00bb][et_pb_post_title meta=\u00bboff\u00bb featured_image=\u00bboff\u00bb _builder_version=\u00bb4.24.3&#8243; _module_preset=\u00bbdefault\u00bb title_font=\u00bb|600|||||||\u00bb title_text_align=\u00bbcenter\u00bb title_text_color=\u00bb#FFFFFF\u00bb title_font_size=\u00bb36px\u00bb title_letter_spacing=\u00bb1px\u00bb title_font_size_tablet=\u00bb36px\u00bb title_font_size_phone=\u00bb24px\u00bb title_font_size_last_edited=\u00bbon|tablet\u00bb global_colors_info=\u00bb{}\u00bb][\/et_pb_post_title][\/et_pb_column][\/et_pb_row][\/et_pb_section][et_pb_section fb_built=\u00bb1&#8243; _builder_version=\u00bb4.16&#8243; _module_preset=\u00bbdefault\u00bb locked=\u00bboff\u00bb global_colors_info=\u00bb{}\u00bb][et_pb_row use_custom_gutter=\u00bbon\u00bb gutter_width=\u00bb2&#8243; make_equal=\u00bbon\u00bb _builder_version=\u00bb4.24.2&#8243; custom_padding=\u00bb3vw||3vw||true|false\u00bb locked=\u00bboff\u00bb global_colors_info=\u00bb{}\u00bb][et_pb_column type=\u00bb4_4&#8243; _builder_version=\u00bb4.16&#8243; custom_padding=\u00bb|||\u00bb pac_dcm_carousel_specific_module_num=\u00bb0&#8243; global_colors_info=\u00bb{}\u00bb custom_padding__hover=\u00bb|||\u00bb][et_pb_search placeholder=\u00bbBuscar noticia\u00bb button_color=\u00bb#003657&#8243; placeholder_color=\u00bb#003657&#8243; _builder_version=\u00bb4.24.2&#8243; _module_preset=\u00bbdefault\u00bb form_field_background_color=\u00bbrgba(0,54,87,0.03)\u00bb form_field_text_color=\u00bb#003657&#8243; form_field_focus_background_color=\u00bb#FFFFFF\u00bb form_field_focus_text_color=\u00bb#0095D4&#8243; button_font=\u00bb|600|||||||\u00bb button_text_color=\u00bb#FFFFFF\u00bb button_font_size=\u00bb16px\u00bb form_field_font=\u00bb|600|||||||\u00bb form_field_font_size=\u00bb16px\u00bb custom_margin=\u00bb2vw||2vw||true|false\u00bb custom_padding=\u00bb0.715em|1em|0.715em|1em|false|true\u00bb custom_css_button=\u00bbpadding: 0 20px 0 20px;\u00bb border_radii=\u00bbon|150px|150px|150px|150px\u00bb global_colors_info=\u00bb{}\u00bb][\/et_pb_search][et_pb_blog fullwidth=\u00bboff\u00bb posts_number=\u00bb24&#8243; include_categories=\u00bball\u00bb use_manual_excerpt=\u00bboff\u00bb show_excerpt=\u00bboff\u00bb _builder_version=\u00bb4.27.4&#8243; _module_preset=\u00bbdefault\u00bb header_font_size=\u00bb16px\u00bb header_line_height=\u00bb1.3em\u00bb meta_font=\u00bb|700|||||||\u00bb meta_text_color=\u00bb#0095D4&#8243; meta_font_size=\u00bb12px\u00bb hover_enabled=\u00bb0&#8243; border_width_all=\u00bb0px\u00bb border_radii_image=\u00bbon|7px|7px|7px|7px\u00bb global_colors_info=\u00bb{}\u00bb sticky_enabled=\u00bb0&#8243;][\/et_pb_blog][et_pb_blog_extras include_current_taxonomy=\u00bbon\u00bb posts_number=\u00bb8&#8243; featured_image_size=\u00bbfull\u00bb excerpt_length=\u00bb140&#8243; use_read_more_button=\u00bbon\u00bb read_more_text=\u00bbLeer m\u00e1s\u00bb show_author=\u00bboff\u00bb show_categories=\u00bboff\u00bb show_comments=\u00bboff\u00bb show_load_more=\u00bbon\u00bb load_more_text=\u00bbM\u00e1s Noticias\u00bb disabled_on=\u00bbon|on|on\u00bb module_class=\u00bbdbl-40&#8243; _builder_version=\u00bb4.24.2&#8243; _module_preset=\u00bbdefault\u00bb header_font=\u00bb|700|||||||\u00bb header_text_color=\u00bb#003657&#8243; header_font_size=\u00bb20px\u00bb header_line_height=\u00bb1.2em\u00bb meta_font=\u00bb|700|||||||\u00bb meta_text_color=\u00bb#0095D4&#8243; meta_line_height=\u00bb1em\u00bb background_color=\u00bbRGBA(0,0,0,0)\u00bb custom_ajax_pagination=\u00bbon\u00bb ajax_pagination_text_size=\u00bb16px\u00bb ajax_pagination_text_color=\u00bb#0095D4&#8243; ajax_pagination_bg_color=\u00bb#f2f2f2&#8243; ajax_pagination_border_color=\u00bb#f3f3f3&#8243; ajax_pagination_font=\u00bb|600|||||||\u00bb ajax_pagination_custom_margin=\u00bb||||false|false\u00bb custom_read_more=\u00bbon\u00bb read_more_text_size=\u00bb14px\u00bb read_more_text_color=\u00bb#FFFFFF\u00bb read_more_bg_color=\u00bb#0095D4&#8243; read_more_border_color=\u00bbRGBA(0,0,0,0)\u00bb read_more_alignment=\u00bbleft\u00bb custom_margin=\u00bb||||false|false\u00bb custom_padding=\u00bb||||false|false\u00bb disabled=\u00bbon\u00bb global_colors_info=\u00bb{}\u00bb][\/et_pb_blog_extras][et_pb_code disabled_on=\u00bboff|off|off\u00bb _builder_version=\u00bb4.27.4&#8243; _module_preset=\u00bbdefault\u00bb hover_enabled=\u00bb0&#8243; global_colors_info=\u00bb{}\u00bb sticky_enabled=\u00bb0&#8243;]<\/p>\n<style><!-- [et_pb_line_break_holder] -->\/* Grid Extended 6 *\/<!-- [et_pb_line_break_holder] -->@media screen and (min-width:981px) {<!-- [et_pb_line_break_holder] -->  .dbl-40 .grid_extended {<!-- [et_pb_line_break_holder] -->    display:flex;<!-- [et_pb_line_break_holder] -->    flex-wrap:wrap;<!-- [et_pb_line_break_holder] -->    justify-content:space-between;<!-- [et_pb_line_break_holder] -->  }<!-- [et_pb_line_break_holder] -->\t.dbl-40 .et_pb_post_extra.el_dbe_grid_extended {<!-- [et_pb_line_break_holder] -->\t\twidth: calc(25% - 40px);<!-- [et_pb_line_break_holder] -->\t\tmargin-bottom: 40px;<!-- [et_pb_line_break_holder] -->\t}<!-- [et_pb_line_break_holder] -->\t.dbl-40 .et_pb_post_extra.el_dbe_grid_extended .post-content {<!-- [et_pb_line_break_holder] -->\t\twidth: 100% !important;<!-- [et_pb_line_break_holder] -->\t\tpadding: 20px 0 0 !important;<!-- [et_pb_line_break_holder] -->\t}<!-- [et_pb_line_break_holder] -->\t.dbl-40 .et_pb_post_extra.el_dbe_grid_extended .post-media {<!-- [et_pb_line_break_holder] -->\t\twidth: 100% !important;<!-- [et_pb_line_break_holder] -->\t}<!-- [et_pb_line_break_holder] -->\t.dbl-40 .et_pb_post_extra.el_dbe_grid_extended:nth-child(2n+1) .post-media {<!-- [et_pb_line_break_holder] -->\t\torder: 0 !important;<!-- [et_pb_line_break_holder] -->\t}<!-- [et_pb_line_break_holder] -->}<!-- [et_pb_line_break_holder] --><\/style>\n<p>[\/et_pb_code][\/et_pb_column][\/et_pb_row][\/et_pb_section]<\/p>\n","protected":false},"excerpt":{"rendered":"","protected":false},"author":1,"featured_media":0,"parent":0,"menu_order":0,"comment_status":"closed","ping_status":"closed","template":"","meta":{"_et_pb_use_builder":"on","_et_pb_old_content":"","_et_gb_content_width":"","_monsterinsights_skip_tracking":false,"_monsterinsights_sitenote_active":false,"_monsterinsights_sitenote_note":"","_monsterinsights_sitenote_category":0,"jetpack_post_was_ever_published":false,"footnotes":""},"class_list":["post-268097","page","type-page","status-publish","hentry"],"yoast_head":"<!-- This site is optimized with the Yoast SEO plugin v27.3 - https:\/\/yoast.com\/product\/yoast-seo-wordpress\/ -->\n<title>Noticias - Colegio Concepci\u00f3n Los \u00c1ngeles<\/title>\n<meta name=\"description\" content=\"El Colegio Concepci\u00f3n Los \u00c1ngeles, es una instituci\u00f3n laica, pluralista y tolerante con m\u00e1s de 30 a\u00f1os de experiencia en la formaci\u00f3n de alumnos que hoy, como profesionales, aportan incansablemente al crecimiento del pa\u00eds y se perfilan como l\u00edderes de las instituciones en que laboran.\" \/>\n<meta name=\"robots\" content=\"index, follow, max-snippet:-1, max-image-preview:large, max-video-preview:-1\" \/>\n<link rel=\"canonical\" href=\"https:\/\/colegioconcepcionlosangeles.cl\/wp\/noticias\/\" \/>\n<meta property=\"og:locale\" content=\"es_ES\" \/>\n<meta property=\"og:type\" content=\"article\" \/>\n<meta property=\"og:title\" content=\"Noticias - Colegio Concepci\u00f3n Los \u00c1ngeles\" \/>\n<meta property=\"og:description\" content=\"El Colegio Concepci\u00f3n Los \u00c1ngeles, es una instituci\u00f3n laica, pluralista y tolerante con m\u00e1s de 30 a\u00f1os de experiencia en la formaci\u00f3n de alumnos que hoy, como profesionales, aportan incansablemente al crecimiento del pa\u00eds y se perfilan como l\u00edderes de las instituciones en que laboran.\" \/>\n<meta property=\"og:url\" content=\"https:\/\/colegioconcepcionlosangeles.cl\/wp\/noticias\/\" \/>\n<meta property=\"og:site_name\" content=\"Colegio Concepci\u00f3n Los \u00c1ngeles\" \/>\n<meta property=\"article:publisher\" content=\"https:\/\/www.facebook.com\/colegioconcepcion.la\" \/>\n<meta property=\"article:modified_time\" content=\"2025-11-18T18:18:50+00:00\" \/>\n<meta name=\"twitter:card\" content=\"summary_large_image\" \/>\n<meta name=\"twitter:label1\" content=\"Tiempo de lectura\" \/>\n\t<meta name=\"twitter:data1\" content=\"12 minutos\" \/>\n<script type=\"application\/ld+json\" class=\"yoast-schema-graph\">{\"@context\":\"https:\\\/\\\/schema.org\",\"@graph\":[{\"@type\":\"WebPage\",\"@id\":\"https:\\\/\\\/colegioconcepcionlosangeles.cl\\\/wp\\\/noticias\\\/\",\"url\":\"https:\\\/\\\/colegioconcepcionlosangeles.cl\\\/wp\\\/noticias\\\/\",\"name\":\"Noticias - Colegio Concepci\u00f3n Los \u00c1ngeles\",\"isPartOf\":{\"@id\":\"https:\\\/\\\/colegioconcepcionlosangeles.cl\\\/wp\\\/#website\"},\"datePublished\":\"2025-11-18T18:11:56+00:00\",\"dateModified\":\"2025-11-18T18:18:50+00:00\",\"description\":\"El Colegio Concepci\u00f3n Los \u00c1ngeles, es una instituci\u00f3n laica, pluralista y tolerante con m\u00e1s de 30 a\u00f1os de experiencia en la formaci\u00f3n de alumnos que hoy, como profesionales, aportan incansablemente al crecimiento del pa\u00eds y se perfilan como l\u00edderes de las instituciones en que laboran.\",\"breadcrumb\":{\"@id\":\"https:\\\/\\\/colegioconcepcionlosangeles.cl\\\/wp\\\/noticias\\\/#breadcrumb\"},\"inLanguage\":\"es\",\"potentialAction\":[{\"@type\":\"ReadAction\",\"target\":[\"https:\\\/\\\/colegioconcepcionlosangeles.cl\\\/wp\\\/noticias\\\/\"]}]},{\"@type\":\"BreadcrumbList\",\"@id\":\"https:\\\/\\\/colegioconcepcionlosangeles.cl\\\/wp\\\/noticias\\\/#breadcrumb\",\"itemListElement\":[{\"@type\":\"ListItem\",\"position\":1,\"name\":\"Portada\",\"item\":\"https:\\\/\\\/colegioconcepcionlosangeles.cl\\\/wp\\\/\"},{\"@type\":\"ListItem\",\"position\":2,\"name\":\"Noticias\"}]},{\"@type\":\"WebSite\",\"@id\":\"https:\\\/\\\/colegioconcepcionlosangeles.cl\\\/wp\\\/#website\",\"url\":\"https:\\\/\\\/colegioconcepcionlosangeles.cl\\\/wp\\\/\",\"name\":\"Colegio Concepci\u00f3n Los \u00c1ngeles\",\"description\":\"FORMANDO L\u00cdDERES PARA EL FUTURO\",\"publisher\":{\"@id\":\"https:\\\/\\\/colegioconcepcionlosangeles.cl\\\/wp\\\/#organization\"},\"alternateName\":\"CCLA\",\"potentialAction\":[{\"@type\":\"SearchAction\",\"target\":{\"@type\":\"EntryPoint\",\"urlTemplate\":\"https:\\\/\\\/colegioconcepcionlosangeles.cl\\\/wp\\\/?s={search_term_string}\"},\"query-input\":{\"@type\":\"PropertyValueSpecification\",\"valueRequired\":true,\"valueName\":\"search_term_string\"}}],\"inLanguage\":\"es\"},{\"@type\":\"Organization\",\"@id\":\"https:\\\/\\\/colegioconcepcionlosangeles.cl\\\/wp\\\/#organization\",\"name\":\"Colegio Concepci\u00f3n Los \u00c1ngeles\",\"alternateName\":\"CCLA\",\"url\":\"https:\\\/\\\/colegioconcepcionlosangeles.cl\\\/wp\\\/\",\"logo\":{\"@type\":\"ImageObject\",\"inLanguage\":\"es\",\"@id\":\"https:\\\/\\\/colegioconcepcionlosangeles.cl\\\/wp\\\/#\\\/schema\\\/logo\\\/image\\\/\",\"url\":\"https:\\\/\\\/colegioconcepcionlosangeles.cl\\\/wp\\\/wp-content\\\/uploads\\\/2018\\\/03\\\/ccla-logo-75x.svg\",\"contentUrl\":\"https:\\\/\\\/colegioconcepcionlosangeles.cl\\\/wp\\\/wp-content\\\/uploads\\\/2018\\\/03\\\/ccla-logo-75x.svg\",\"width\":1,\"height\":1,\"caption\":\"Colegio Concepci\u00f3n Los \u00c1ngeles\"},\"image\":{\"@id\":\"https:\\\/\\\/colegioconcepcionlosangeles.cl\\\/wp\\\/#\\\/schema\\\/logo\\\/image\\\/\"},\"sameAs\":[\"https:\\\/\\\/www.facebook.com\\\/colegioconcepcion.la\",\"https:\\\/\\\/www.instagram.com\\\/colegioconcepcion.la\\\/\"]}]}<\/script>\n<!-- \/ Yoast SEO plugin. -->","yoast_head_json":{"title":"Noticias - Colegio Concepci\u00f3n Los \u00c1ngeles","description":"El Colegio Concepci\u00f3n Los \u00c1ngeles, es una instituci\u00f3n laica, pluralista y tolerante con m\u00e1s de 30 a\u00f1os de experiencia en la formaci\u00f3n de alumnos que hoy, como profesionales, aportan incansablemente al crecimiento del pa\u00eds y se perfilan como l\u00edderes de las instituciones en que laboran.","robots":{"index":"index","follow":"follow","max-snippet":"max-snippet:-1","max-image-preview":"max-image-preview:large","max-video-preview":"max-video-preview:-1"},"canonical":"https:\/\/colegioconcepcionlosangeles.cl\/wp\/noticias\/","og_locale":"es_ES","og_type":"article","og_title":"Noticias - Colegio Concepci\u00f3n Los \u00c1ngeles","og_description":"El Colegio Concepci\u00f3n Los \u00c1ngeles, es una instituci\u00f3n laica, pluralista y tolerante con m\u00e1s de 30 a\u00f1os de experiencia en la formaci\u00f3n de alumnos que hoy, como profesionales, aportan incansablemente al crecimiento del pa\u00eds y se perfilan como l\u00edderes de las instituciones en que laboran.","og_url":"https:\/\/colegioconcepcionlosangeles.cl\/wp\/noticias\/","og_site_name":"Colegio Concepci\u00f3n Los \u00c1ngeles","article_publisher":"https:\/\/www.facebook.com\/colegioconcepcion.la","article_modified_time":"2025-11-18T18:18:50+00:00","twitter_card":"summary_large_image","twitter_misc":{"Tiempo de lectura":"12 minutos"},"schema":{"@context":"https:\/\/schema.org","@graph":[{"@type":"WebPage","@id":"https:\/\/colegioconcepcionlosangeles.cl\/wp\/noticias\/","url":"https:\/\/colegioconcepcionlosangeles.cl\/wp\/noticias\/","name":"Noticias - Colegio Concepci\u00f3n Los \u00c1ngeles","isPartOf":{"@id":"https:\/\/colegioconcepcionlosangeles.cl\/wp\/#website"},"datePublished":"2025-11-18T18:11:56+00:00","dateModified":"2025-11-18T18:18:50+00:00","description":"El Colegio Concepci\u00f3n Los \u00c1ngeles, es una instituci\u00f3n laica, pluralista y tolerante con m\u00e1s de 30 a\u00f1os de experiencia en la formaci\u00f3n de alumnos que hoy, como profesionales, aportan incansablemente al crecimiento del pa\u00eds y se perfilan como l\u00edderes de las instituciones en que laboran.","breadcrumb":{"@id":"https:\/\/colegioconcepcionlosangeles.cl\/wp\/noticias\/#breadcrumb"},"inLanguage":"es","potentialAction":[{"@type":"ReadAction","target":["https:\/\/colegioconcepcionlosangeles.cl\/wp\/noticias\/"]}]},{"@type":"BreadcrumbList","@id":"https:\/\/colegioconcepcionlosangeles.cl\/wp\/noticias\/#breadcrumb","itemListElement":[{"@type":"ListItem","position":1,"name":"Portada","item":"https:\/\/colegioconcepcionlosangeles.cl\/wp\/"},{"@type":"ListItem","position":2,"name":"Noticias"}]},{"@type":"WebSite","@id":"https:\/\/colegioconcepcionlosangeles.cl\/wp\/#website","url":"https:\/\/colegioconcepcionlosangeles.cl\/wp\/","name":"Colegio Concepci\u00f3n Los \u00c1ngeles","description":"FORMANDO L\u00cdDERES PARA EL FUTURO","publisher":{"@id":"https:\/\/colegioconcepcionlosangeles.cl\/wp\/#organization"},"alternateName":"CCLA","potentialAction":[{"@type":"SearchAction","target":{"@type":"EntryPoint","urlTemplate":"https:\/\/colegioconcepcionlosangeles.cl\/wp\/?s={search_term_string}"},"query-input":{"@type":"PropertyValueSpecification","valueRequired":true,"valueName":"search_term_string"}}],"inLanguage":"es"},{"@type":"Organization","@id":"https:\/\/colegioconcepcionlosangeles.cl\/wp\/#organization","name":"Colegio Concepci\u00f3n Los \u00c1ngeles","alternateName":"CCLA","url":"https:\/\/colegioconcepcionlosangeles.cl\/wp\/","logo":{"@type":"ImageObject","inLanguage":"es","@id":"https:\/\/colegioconcepcionlosangeles.cl\/wp\/#\/schema\/logo\/image\/","url":"https:\/\/colegioconcepcionlosangeles.cl\/wp\/wp-content\/uploads\/2018\/03\/ccla-logo-75x.svg","contentUrl":"https:\/\/colegioconcepcionlosangeles.cl\/wp\/wp-content\/uploads\/2018\/03\/ccla-logo-75x.svg","width":1,"height":1,"caption":"Colegio Concepci\u00f3n Los \u00c1ngeles"},"image":{"@id":"https:\/\/colegioconcepcionlosangeles.cl\/wp\/#\/schema\/logo\/image\/"},"sameAs":["https:\/\/www.facebook.com\/colegioconcepcion.la","https:\/\/www.instagram.com\/colegioconcepcion.la\/"]}]}},"jetpack_shortlink":"https:\/\/wp.me\/P7pFNL-17K9","jetpack_sharing_enabled":true,"amp_enabled":true,"_links":{"self":[{"href":"https:\/\/colegioconcepcionlosangeles.cl\/wp\/wp-json\/wp\/v2\/pages\/268097","targetHints":{"allow":["GET"]}}],"collection":[{"href":"https:\/\/colegioconcepcionlosangeles.cl\/wp\/wp-json\/wp\/v2\/pages"}],"about":[{"href":"https:\/\/colegioconcepcionlosangeles.cl\/wp\/wp-json\/wp\/v2\/types\/page"}],"author":[{"embeddable":true,"href":"https:\/\/colegioconcepcionlosangeles.cl\/wp\/wp-json\/wp\/v2\/users\/1"}],"replies":[{"embeddable":true,"href":"https:\/\/colegioconcepcionlosangeles.cl\/wp\/wp-json\/wp\/v2\/comments?post=268097"}],"version-history":[{"count":0,"href":"https:\/\/colegioconcepcionlosangeles.cl\/wp\/wp-json\/wp\/v2\/pages\/268097\/revisions"}],"wp:attachment":[{"href":"https:\/\/colegioconcepcionlosangeles.cl\/wp\/wp-json\/wp\/v2\/media?parent=268097"}],"curies":[{"name":"wp","href":"https:\/\/api.w.org\/{rel}","templated":true}]}}