{"id":1060,"date":"2016-03-14T12:27:40","date_gmt":"2016-03-14T16:27:40","guid":{"rendered":"https:\/\/colegioconcepcionlosangeles.cl\/wp\/?page_id=1060"},"modified":"2026-03-03T09:40:30","modified_gmt":"2026-03-03T12:40:30","slug":"atencion-de-apoderados","status":"publish","type":"page","link":"https:\/\/colegioconcepcionlosangeles.cl\/wp\/atencion-de-apoderados\/","title":{"rendered":"Atenci\u00f3n de Apoderados"},"content":{"rendered":"<p>[et_pb_section fb_built=\u00bb1&#8243; inner_shadow=\u00bbon\u00bb fullwidth=\u00bbon\u00bb admin_label=\u00bbsection\u00bb _builder_version=\u00bb4.16&#8243; background_enable_color=\u00bboff\u00bb use_background_color_gradient=\u00bbon\u00bb background_color_gradient_direction=\u00bb90deg\u00bb background_color_gradient_stops=\u00bbrgba(0,54,87,0.9) 15%|rgba(251,203,0,0.9) 100%\u00bb background_color_gradient_overlays_image=\u00bbon\u00bb background_color_gradient_start=\u00bbrgba(0,54,87,0.9)\u00bb background_color_gradient_start_position=\u00bb15%\u00bb background_color_gradient_end=\u00bbrgba(251,203,0,0.9)\u00bb background_image=\u00bbhttps:\/\/colegioconcepcionlosangeles.cl\/wp\/wp-content\/uploads\/2021\/03\/corporacion-bg.jpg\u00bb custom_margin=\u00bb0px||0px||true|false\u00bb custom_padding=\u00bb0px||0px||true|false\u00bb z_index_tablet=\u00bb500&#8243; border_color_right=\u00bb#FBCB00&#8243; locked=\u00bboff\u00bb global_colors_info=\u00bb{}\u00bb][et_pb_fullwidth_header title=\u00bbAtenci\u00f3n de Apoderados 2026&#8243; content_max_width=\u00bbnone\u00bb admin_label=\u00bbFullwidth Header\u00bb _builder_version=\u00bb4.27.6&#8243; title_font=\u00bb|600|||||||\u00bb title_text_align=\u00bbcenter\u00bb title_text_color=\u00bb#FFFFFF\u00bb title_font_size=\u00bb36px\u00bb title_letter_spacing=\u00bb1px\u00bb subhead_font=\u00bb||||||||\u00bb subhead_text_align=\u00bbcenter\u00bb subhead_text_color=\u00bb#FFFFFF\u00bb background_color=\u00bbrgba(255, 255, 255, 0)\u00bb custom_margin=\u00bb0px||0px||true|false\u00bb custom_padding=\u00bb7vw||7vw||true|false\u00bb hover_enabled=\u00bb0&#8243; title_font_size_tablet=\u00bb\u00bb title_font_size_phone=\u00bb24px\u00bb title_font_size_last_edited=\u00bbon|desktop\u00bb z_index_tablet=\u00bb500&#8243; border_color_right=\u00bb#003657&#8243; global_colors_info=\u00bb{}\u00bb button_one_text_size__hover_enabled=\u00bboff\u00bb button_one_text_size__hover=\u00bbnull\u00bb button_two_text_size__hover_enabled=\u00bboff\u00bb button_two_text_size__hover=\u00bbnull\u00bb button_one_text_color__hover_enabled=\u00bboff\u00bb button_one_text_color__hover=\u00bbnull\u00bb button_two_text_color__hover_enabled=\u00bboff\u00bb button_two_text_color__hover=\u00bbnull\u00bb button_one_border_width__hover_enabled=\u00bboff\u00bb button_one_border_width__hover=\u00bbnull\u00bb button_two_border_width__hover_enabled=\u00bboff\u00bb button_two_border_width__hover=\u00bbnull\u00bb button_one_border_color__hover_enabled=\u00bboff\u00bb button_one_border_color__hover=\u00bbnull\u00bb button_two_border_color__hover_enabled=\u00bboff\u00bb button_two_border_color__hover=\u00bbnull\u00bb button_one_border_radius__hover_enabled=\u00bboff\u00bb button_one_border_radius__hover=\u00bbnull\u00bb button_two_border_radius__hover_enabled=\u00bboff\u00bb button_two_border_radius__hover=\u00bbnull\u00bb button_one_letter_spacing__hover_enabled=\u00bboff\u00bb button_one_letter_spacing__hover=\u00bbnull\u00bb button_two_letter_spacing__hover_enabled=\u00bboff\u00bb button_two_letter_spacing__hover=\u00bbnull\u00bb button_one_bg_color__hover_enabled=\u00bboff\u00bb button_one_bg_color__hover=\u00bbnull\u00bb button_two_bg_color__hover_enabled=\u00bboff\u00bb button_two_bg_color__hover=\u00bbnull\u00bb sticky_enabled=\u00bb0&#8243;][\/et_pb_fullwidth_header][\/et_pb_section][et_pb_section fb_built=\u00bb1&#8243; disabled_on=\u00bboff|off|off\u00bb _builder_version=\u00bb4.16&#8243; global_colors_info=\u00bb{}\u00bb][et_pb_row _builder_version=\u00bb4.16&#8243; background_size=\u00bbinitial\u00bb background_position=\u00bbtop_left\u00bb background_repeat=\u00bbrepeat\u00bb global_colors_info=\u00bb{}\u00bb][et_pb_column type=\u00bb4_4&#8243; _builder_version=\u00bb4.16&#8243; custom_padding=\u00bb|||\u00bb pac_dcm_carousel_specific_module_num=\u00bb0&#8243; global_colors_info=\u00bb{}\u00bb custom_padding__hover=\u00bb|||\u00bb][et_pb_blurb title=\u00bbEn Desarrollo&#8230;\u00bb use_icon=\u00bbon\u00bb font_icon=\u00bb&#xe038;||divi||400&#8243; image_icon_width=\u00bb100px\u00bb admin_label=\u00bbAnuncio\u00bb _builder_version=\u00bb4.27.4&#8243; header_text_align=\u00bbcenter\u00bb header_font_size=\u00bb32&#8243; custom_margin=\u00bb50px|||\u00bb custom_padding=\u00bb4vw||4vw||true|false\u00bb animation=\u00bboff\u00bb use_border_color=\u00bboff\u00bb border_color=\u00bb#ffffff\u00bb border_style=\u00bbsolid\u00bb icon_font_size=\u00bb100px\u00bb use_circle=\u00bboff\u00bb use_circle_border=\u00bboff\u00bb circle_border_color=\u00bb#008acc\u00bb circle_color=\u00bb#008acc\u00bb global_module=\u00bb9243&#8243; saved_tabs=\u00bball\u00bb global_colors_info=\u00bb{}\u00bb][\/et_pb_blurb][\/et_pb_column][\/et_pb_row][\/et_pb_section][et_pb_section fb_built=\u00bb1&#8243; disabled_on=\u00bbon|on|on\u00bb _builder_version=\u00bb4.20.4&#8243; _module_preset=\u00bbdefault\u00bb custom_padding=\u00bb80px||80px||true|false\u00bb global_colors_info=\u00bb{}\u00bb disabled=\u00bbon\u00bb][et_pb_row column_structure=\u00bb1_2,1_2&#8243; _builder_version=\u00bb4.20.4&#8243; _module_preset=\u00bbdefault\u00bb global_colors_info=\u00bb{}\u00bb][et_pb_column type=\u00bb1_2&#8243; _builder_version=\u00bb4.20.4&#8243; _module_preset=\u00bbdefault\u00bb pac_dcm_carousel_specific_module_num=\u00bb0&#8243; global_colors_info=\u00bb{}\u00bb][et_pb_toggle title=\u00bbPre B\u00e1sica\u00bb open_toggle_text_color=\u00bb#003657&#8243; open_toggle_background_color=\u00bb#FFFFFF\u00bb closed_toggle_text_color=\u00bb#003657&#8243; closed_toggle_background_color=\u00bb#FFFFFF\u00bb icon_color=\u00bb#0095D4&#8243; toggle_icon=\u00bb&#xe050;||divi||400&#8243; open_icon_color=\u00bb#0095D4&#8243; open_toggle_icon=\u00bb&#xe051;||divi||400&#8243; _builder_version=\u00bb4.27.4&#8243; _module_preset=\u00bbdefault\u00bb title_text_color=\u00bb#003657&#8243; border_radii=\u00bbon|7px|7px|7px|7px\u00bb border_width_all=\u00bb2px\u00bb border_color_all=\u00bb#0095D4&#8243; global_colors_info=\u00bb{}\u00bb]<b style=\"color: #0095d4;\">MARIANELLY REYES<\/b> SALA ESTIMULACI\u00d3N<br \/>\nMARTES &#8211; 14:45 A 15:30 HRS.<\/p>\n<p><b style=\"color: #0095d4;\">MABEL VILLAGRA S\u00c1NCHEZ<\/b> PRE K\u00cdNDER A<br \/>\nVIERNES &#8211; 8:15 A 9:00 HRS.<\/p>\n<p><b style=\"color: #0095d4;\">LESLIE PITRIPAN<\/b> PRE K\u00cdNDER A<br \/>\nMARTES &#8211; 9:00 A 9:45<\/p>\n<p><b style=\"color: #0095d4;\">CLAUDIA ROA<\/b> PRE K\u00cdNDER B<br \/>\nVIERNES &#8211; 9:00 A 9:45 HRS.<\/p>\n<p><b style=\"color: #0095d4;\">LESLIE PITRIPAN<\/b> K\u00cdNDER A<br \/>\nMARTES &#8211; 9:00 A 9:45 HRS.<\/p>\n<p><b style=\"color: #0095d4;\">ANDREA MERINO<\/b> K\u00cdNDER B<br \/>\nMARTES Y VIERNES &#8211; 8:15 A 9:00 HRS.[\/et_pb_toggle][\/et_pb_column][et_pb_column type=\u00bb1_2&#8243; _builder_version=\u00bb4.20.4&#8243; _module_preset=\u00bbdefault\u00bb pac_dcm_carousel_specific_module_num=\u00bb0&#8243; global_colors_info=\u00bb{}\u00bb][et_pb_toggle title=\u00bbPrimer Ciclo\u00bb open_toggle_text_color=\u00bb#003657&#8243; open_toggle_background_color=\u00bb#FFFFFF\u00bb closed_toggle_text_color=\u00bb#003657&#8243; closed_toggle_background_color=\u00bb#FFFFFF\u00bb icon_color=\u00bb#0095D4&#8243; toggle_icon=\u00bb&#xe050;||divi||400&#8243; open_icon_color=\u00bb#0095D4&#8243; open_toggle_icon=\u00bb&#xe051;||divi||400&#8243; disabled_on=\u00bboff|off|off\u00bb _builder_version=\u00bb4.27.4&#8243; _module_preset=\u00bbdefault\u00bb title_text_color=\u00bb#003657&#8243; border_radii=\u00bbon|7px|7px|7px|7px\u00bb border_width_all=\u00bb2px\u00bb border_color_all=\u00bb#0095D4&#8243; locked=\u00bboff\u00bb global_colors_info=\u00bb{}\u00bb]<\/p>\n<p><b style=\"color: #0095d4;\">VERENA BIELEFELDT<\/b> 1\u00b0 B\u00c1SICO A<br \/>LUNES 10:45 A 11:30 HRS.<\/p>\n<p><b style=\"color: #0095d4;\">MIRTA CID <\/b> 1\u00b0 B\u00c1SICO B<br \/>JUEVES 10:00 A 10:45 HRS.<\/p>\n<p><b style=\"color: #0095d4;\">MIREYA DARUICH <\/b> 2\u00b0 B\u00c1SICO A<br \/>VIERNES 13:00 A 14:00 HRS.<\/p>\n<p><b style=\"color: #0095d4;\">CARLA ANDRADES <\/b> 2\u00b0 B\u00c1SICO B<br \/>JUEVES 13:10 A 14:10 HRS.<\/p>\n<p><b style=\"color: #0095d4;\">ALEJANDRA DEL PRADO <\/b> 2\u00b0 B\u00c1SICO C<br \/>JUEVES 13:10 A 13:55 HRS.<\/p>\n<p><b style=\"color: #0095d4;\">DAISY MOLINA <\/b> 3\u00b0 B\u00c1SICO A<br \/>MARTES 08:15 09:00 HRS.<\/p>\n<p><b style=\"color: #0095d4;\">H\u00c9CTOR Z\u00da\u00d1IGA <\/b> 3\u00b0 B\u00c1SICO B<br \/>MI\u00c9RCOLES 08:15 A 09:00 HRS.<\/p>\n<p><b style=\"color: #0095d4;\">CLARA PAREDES <\/b> 3\u00b0 B\u00c1SICO C<br \/>MI\u00c9RCOLES 11:40 A 12:25 HRS.<\/p>\n<p><b style=\"color: #0095d4;\">JUAN FRANCISCO BURGOS <\/b> 4\u00b0 B\u00c1SICO A<br \/>JUEVES 10:00 A 10:45 HRS.<\/p>\n<p><b style=\"color: #0095d4;\">LESLIE ROJAS <\/b> 4\u00b0 B\u00c1SICO B<br \/>MI\u00c9RCOLES 10:00 A 10:45 HRS.<\/p>\n<p><b style=\"color: #0095d4;\">JENNIFER FERN\u00c1NDEZ <\/b> 4\u00b0 B\u00c1SICO C<br \/>JUEVES 08:15 A 09:15 HRS.<\/p>\n<p>[\/et_pb_toggle][\/et_pb_column][\/et_pb_row][et_pb_row column_structure=\u00bb1_2,1_2&#8243; _builder_version=\u00bb4.20.4&#8243; _module_preset=\u00bbdefault\u00bb global_colors_info=\u00bb{}\u00bb][et_pb_column type=\u00bb1_2&#8243; _builder_version=\u00bb4.20.4&#8243; _module_preset=\u00bbdefault\u00bb pac_dcm_carousel_specific_module_num=\u00bb0&#8243; global_colors_info=\u00bb{}\u00bb][et_pb_toggle title=\u00bbSegundo Ciclo\u00bb open_toggle_text_color=\u00bb#003657&#8243; open_toggle_background_color=\u00bb#FFFFFF\u00bb closed_toggle_text_color=\u00bb#003657&#8243; closed_toggle_background_color=\u00bb#FFFFFF\u00bb icon_color=\u00bb#0095D4&#8243; toggle_icon=\u00bb&#xe050;||divi||400&#8243; open_icon_color=\u00bb#0095D4&#8243; open_toggle_icon=\u00bb&#xe051;||divi||400&#8243; _builder_version=\u00bb4.27.4&#8243; _module_preset=\u00bbdefault\u00bb title_text_color=\u00bb#003657&#8243; border_radii=\u00bbon|7px|7px|7px|7px\u00bb border_width_all=\u00bb2px\u00bb border_color_all=\u00bb#0095D4&#8243; global_colors_info=\u00bb{}\u00bb]<\/p>\n<p><b style=\"color: #0095d4;\">MAGALY HENR\u00cdQUEZ<\/b> 5\u00b0 B\u00c1SICO A<br \/>JUEVES 11:40 A 12:25 HRS.<\/p>\n<p><b style=\"color: #0095d4;\">PATRICIA COLIMA<\/b> 5\u00b0 B\u00c1SICO B<br \/>MI\u00c9RCOLES 11:40 A 12:25 HRS.<\/p>\n<p><b style=\"color: #0095d4;\">NADEZHNA CAMPILLAY<\/b> 6\u00b0 B\u00c1SICO A<br \/>MI\u00c9RCOLES 13:55 A 14:40 HRS.<\/p>\n<p><b style=\"color: #0095d4;\">KARMINA GUTI\u00c9RREZ<\/b> 6\u00b0 B\u00c1SICO B<br \/>MARTES 15:00 A 15:45 HRS.<\/p>\n<p><b style=\"color: #0095d4;\">YELIKA CISTERNA<\/b> 6\u00b0 B\u00c1SICO C<br \/>VIERNES 10:00 A 10:45 HRS.<\/p>\n<p><b style=\"color: #0095d4;\">XIMENA GUTI\u00c9RREZ<\/b> 7\u00b0 B\u00c1SICO A<br \/>MARTES 15:30 A 16:15 HRS.<\/p>\n<p><b style=\"color: #0095d4;\">SOF\u00cdA RIVERA<\/b> 7\u00b0 B\u00c1SICO B<br \/>LUNES 14:00 A 14:45 HRS.<\/p>\n<p><b style=\"color: #0095d4;\">NAYELI CARES<\/b> 8\u00b0 B\u00c1SICO A<br \/>MI\u00c9RCOLES 14:45 A 15:30 HRS.<\/p>\n<p><b style=\"color: #0095d4;\">NICOLE NOVOA<\/b> 8\u00b0 B\u00c1SICO B<br \/>MARTES 13:10 A 14:00 HRS.<\/p>\n<p>[\/et_pb_toggle][\/et_pb_column][et_pb_column type=\u00bb1_2&#8243; _builder_version=\u00bb4.20.4&#8243; _module_preset=\u00bbdefault\u00bb pac_dcm_carousel_specific_module_num=\u00bb0&#8243; global_colors_info=\u00bb{}\u00bb][et_pb_toggle title=\u00bbEnse\u00f1anza Media\u00bb open_toggle_text_color=\u00bb#003657&#8243; open_toggle_background_color=\u00bb#FFFFFF\u00bb closed_toggle_text_color=\u00bb#003657&#8243; closed_toggle_background_color=\u00bb#FFFFFF\u00bb icon_color=\u00bb#0095D4&#8243; toggle_icon=\u00bb&#xe050;||divi||400&#8243; open_icon_color=\u00bb#0095D4&#8243; open_toggle_icon=\u00bb&#xe051;||divi||400&#8243; _builder_version=\u00bb4.27.4&#8243; _module_preset=\u00bbdefault\u00bb title_text_color=\u00bb#003657&#8243; border_radii=\u00bbon|7px|7px|7px|7px\u00bb border_width_all=\u00bb2px\u00bb border_color_all=\u00bb#0095D4&#8243; locked=\u00bboff\u00bb global_colors_info=\u00bb{}\u00bb]<\/p>\n<p><b style=\"color: #0095d4;\">LILI\u00c1N C\u00c1CERES<\/b> 1\u00b0 MEDIO A<br \/>LUNES 11:40 A 12:25 HRS.<\/p>\n<p><b style=\"color: #0095d4;\">GERALDINE CHAVARR\u00cdA<\/b> 1\u00b0 MEDIO B<br \/>LUNES 11:40 A 12:25HRS.<\/p>\n<p><b style=\"color: #0095d4;\">CRISTIAN MELITA<\/b> 2\u00b0 MEDIO A<br \/>LUNES 12:25 A 13:10 HRS.<\/p>\n<p><b style=\"color: #0095d4;\">ANDREA OYARCE<\/b> 2\u00b0 MEDIO B<br \/>LUNES 12:30 A 13:15 HRS.<\/p>\n<p><b style=\"color: #0095d4;\">EVELYN MIERES<\/b> 3\u00b0 MEDIO A<br \/>MARTES 14:40 A 15:25 HRS.<\/p>\n<p><b style=\"color: #0095d4;\">NATALY O\u00d1ATE<\/b> 3\u00b0 MEDIO B<br \/>LUNES 13:55 A 14:40 HRS.<\/p>\n<p><b style=\"color: #0095d4;\">SERGIO SAAVEDRA<\/b> 4\u00b0 MEDIO A<br \/>JUEVES 15:30 A 16:15 HRS.<\/p>\n<p><b style=\"color: #0095d4;\">MA. SOLEDAD ARRIAGADA<\/b> 4\u00b0 MEDIO B<br \/>VIERNES 12:25 A 13:10 HRS.<\/p>\n<p>[\/et_pb_toggle][\/et_pb_column][\/et_pb_row][et_pb_row column_structure=\u00bb1_2,1_2&#8243; _builder_version=\u00bb4.20.4&#8243; _module_preset=\u00bbdefault\u00bb global_colors_info=\u00bb{}\u00bb][et_pb_column type=\u00bb1_2&#8243; _builder_version=\u00bb4.20.4&#8243; _module_preset=\u00bbdefault\u00bb pac_dcm_carousel_specific_module_num=\u00bb0&#8243; global_colors_info=\u00bb{}\u00bb][et_pb_toggle title=\u00bbDocentes Sin Jefatura\u00bb open_toggle_text_color=\u00bb#003657&#8243; open_toggle_background_color=\u00bb#FFFFFF\u00bb closed_toggle_text_color=\u00bb#003657&#8243; closed_toggle_background_color=\u00bb#FFFFFF\u00bb icon_color=\u00bb#0095D4&#8243; toggle_icon=\u00bb&#xe050;||divi||400&#8243; open_icon_color=\u00bb#0095D4&#8243; open_toggle_icon=\u00bb&#xe051;||divi||400&#8243; _builder_version=\u00bb4.27.4&#8243; _module_preset=\u00bbdefault\u00bb title_text_color=\u00bb#003657&#8243; border_radii=\u00bbon|7px|7px|7px|7px\u00bb border_width_all=\u00bb2px\u00bb border_color_all=\u00bb#0095D4&#8243; global_colors_info=\u00bb{}\u00bb]<\/p>\n<p><b style=\"color: #0095d4;\">ANA MAR\u00cdA CARRASCO<\/b> INGL\u00c9S<br \/>MARTES 11:40 A 12:25 HRS.<\/p>\n<p><b style=\"color: #0095d4;\">MYRIAM TOBAR<\/b> INGL\u00c9S<br \/>JUEVES 11:40 A 12:25 HRS.<\/p>\n<p><b style=\"color: #0095d4;\">GABRIELA RIQUELME<\/b> ARTES<br \/>MARTES 13:55 A 14:40 HRS.<\/p>\n<p><b style=\"color: #0095d4;\">FELIPE FLORES<\/b> DEPORTE<br \/>JUEVES 10:00 A 10:45 HRS.<\/p>\n<p><b style=\"color: #0095d4;\">VIVIANA ARATA<\/b> MATEM\u00c1TICAS<br \/>LUNES 14:40 A 15:25 HRS.<\/p>\n<p><b style=\"color: #0095d4;\">NICOLE PERFETTI<\/b> FILOSOF\u00cdA<br \/>LUNES 13:55 A 14:40 HRS.<\/p>\n<p><b style=\"color: #0095d4;\">NADIA JARA<\/b> CIENCIAS<br \/>LUNES 08:30 A 09:15 HRS.<\/p>\n<p><b style=\"color: #0095d4;\">V\u00cdCTOR SAAVEDRA<\/b> ED. F\u00cdSICA<br \/>LUNES 14:30 A 15:15 HRS.<\/p>\n<p><b style=\"color: #0095d4;\">FABIOLA MU\u00d1OZ<\/b> APOYO EN AULA<br \/>JUEVES 11:40 A 12:25 HRS.<\/p>\n<p><b style=\"color: #0095d4;\">LUIS RODR\u00cdGUEZ<\/b> M\u00daSICA<br \/>LUNES 11:40 A 12:25 HRS.<\/p>\n<p>[\/et_pb_toggle][\/et_pb_column][et_pb_column type=\u00bb1_2&#8243; _builder_version=\u00bb4.20.4&#8243; _module_preset=\u00bbdefault\u00bb pac_dcm_carousel_specific_module_num=\u00bb0&#8243; global_colors_info=\u00bb{}\u00bb][\/et_pb_column][\/et_pb_row][\/et_pb_section]<\/p>\n","protected":false},"excerpt":{"rendered":"<p>MARIANELLY REYES SALA ESTIMULACI\u00d3N MARTES &#8211; 14:45 A 15:30 HRS. MABEL VILLAGRA S\u00c1NCHEZ PRE K\u00cdNDER A VIERNES &#8211; 8:15 A 9:00 HRS. LESLIE PITRIPAN PRE K\u00cdNDER A MARTES &#8211; 9:00 A 9:45 CLAUDIA ROA PRE K\u00cdNDER B VIERNES &#8211; 9:00 A 9:45 HRS. LESLIE PITRIPAN K\u00cdNDER A MARTES &#8211; 9:00 A 9:45 HRS. ANDREA MERINO [&hellip;]<\/p>\n","protected":false},"author":1,"featured_media":0,"parent":0,"menu_order":0,"comment_status":"closed","ping_status":"closed","template":"","meta":{"_et_pb_use_builder":"on","_et_pb_old_content":"","_et_gb_content_width":"","_monsterinsights_skip_tracking":false,"_monsterinsights_sitenote_active":false,"_monsterinsights_sitenote_note":"","_monsterinsights_sitenote_category":0,"jetpack_post_was_ever_published":false,"footnotes":""},"class_list":["post-1060","page","type-page","status-publish","hentry"],"yoast_head":"<!-- This site is optimized with the Yoast SEO plugin v27.4 - https:\/\/yoast.com\/product\/yoast-seo-wordpress\/ -->\n<title>Atenci\u00f3n de Apoderados - Colegio Concepci\u00f3n Los \u00c1ngeles<\/title>\n<meta name=\"description\" content=\"El Colegio Concepci\u00f3n Los \u00c1ngeles, es una instituci\u00f3n laica, pluralista y tolerante con m\u00e1s de 30 a\u00f1os de experiencia en la formaci\u00f3n de alumnos que hoy, como profesionales, aportan incansablemente al crecimiento del pa\u00eds y se perfilan como l\u00edderes de las instituciones en que laboran.\" \/>\n<meta name=\"robots\" content=\"index, follow, max-snippet:-1, max-image-preview:large, max-video-preview:-1\" \/>\n<link rel=\"canonical\" href=\"https:\/\/colegioconcepcionlosangeles.cl\/wp\/atencion-de-apoderados\/\" \/>\n<meta property=\"og:locale\" content=\"es_ES\" \/>\n<meta property=\"og:type\" content=\"article\" \/>\n<meta property=\"og:title\" content=\"Atenci\u00f3n de Apoderados - Colegio Concepci\u00f3n Los \u00c1ngeles\" \/>\n<meta property=\"og:description\" content=\"El Colegio Concepci\u00f3n Los \u00c1ngeles, es una instituci\u00f3n laica, pluralista y tolerante con m\u00e1s de 30 a\u00f1os de experiencia en la formaci\u00f3n de alumnos que hoy, como profesionales, aportan incansablemente al crecimiento del pa\u00eds y se perfilan como l\u00edderes de las instituciones en que laboran.\" \/>\n<meta property=\"og:url\" content=\"https:\/\/colegioconcepcionlosangeles.cl\/wp\/atencion-de-apoderados\/\" \/>\n<meta property=\"og:site_name\" content=\"Colegio Concepci\u00f3n Los \u00c1ngeles\" \/>\n<meta property=\"article:publisher\" content=\"https:\/\/www.facebook.com\/colegioconcepcion.la\" \/>\n<meta property=\"article:modified_time\" content=\"2026-03-03T12:40:30+00:00\" \/>\n<meta name=\"twitter:card\" content=\"summary_large_image\" \/>\n<meta name=\"twitter:label1\" content=\"Tiempo de lectura\" \/>\n\t<meta name=\"twitter:data1\" content=\"7 minutos\" \/>\n<script type=\"application\/ld+json\" class=\"yoast-schema-graph\">{\"@context\":\"https:\\\/\\\/schema.org\",\"@graph\":[{\"@type\":\"WebPage\",\"@id\":\"https:\\\/\\\/colegioconcepcionlosangeles.cl\\\/wp\\\/atencion-de-apoderados\\\/\",\"url\":\"https:\\\/\\\/colegioconcepcionlosangeles.cl\\\/wp\\\/atencion-de-apoderados\\\/\",\"name\":\"Atenci\u00f3n de Apoderados - Colegio Concepci\u00f3n Los \u00c1ngeles\",\"isPartOf\":{\"@id\":\"https:\\\/\\\/colegioconcepcionlosangeles.cl\\\/wp\\\/#website\"},\"datePublished\":\"2016-03-14T16:27:40+00:00\",\"dateModified\":\"2026-03-03T12:40:30+00:00\",\"description\":\"El Colegio Concepci\u00f3n Los \u00c1ngeles, es una instituci\u00f3n laica, pluralista y tolerante con m\u00e1s de 30 a\u00f1os de experiencia en la formaci\u00f3n de alumnos que hoy, como profesionales, aportan incansablemente al crecimiento del pa\u00eds y se perfilan como l\u00edderes de las instituciones en que laboran.\",\"breadcrumb\":{\"@id\":\"https:\\\/\\\/colegioconcepcionlosangeles.cl\\\/wp\\\/atencion-de-apoderados\\\/#breadcrumb\"},\"inLanguage\":\"es\",\"potentialAction\":[{\"@type\":\"ReadAction\",\"target\":[\"https:\\\/\\\/colegioconcepcionlosangeles.cl\\\/wp\\\/atencion-de-apoderados\\\/\"]}]},{\"@type\":\"BreadcrumbList\",\"@id\":\"https:\\\/\\\/colegioconcepcionlosangeles.cl\\\/wp\\\/atencion-de-apoderados\\\/#breadcrumb\",\"itemListElement\":[{\"@type\":\"ListItem\",\"position\":1,\"name\":\"Portada\",\"item\":\"https:\\\/\\\/colegioconcepcionlosangeles.cl\\\/wp\\\/\"},{\"@type\":\"ListItem\",\"position\":2,\"name\":\"Atenci\u00f3n de Apoderados\"}]},{\"@type\":\"WebSite\",\"@id\":\"https:\\\/\\\/colegioconcepcionlosangeles.cl\\\/wp\\\/#website\",\"url\":\"https:\\\/\\\/colegioconcepcionlosangeles.cl\\\/wp\\\/\",\"name\":\"Colegio Concepci\u00f3n Los \u00c1ngeles\",\"description\":\"FORMANDO L\u00cdDERES PARA EL FUTURO\",\"publisher\":{\"@id\":\"https:\\\/\\\/colegioconcepcionlosangeles.cl\\\/wp\\\/#organization\"},\"alternateName\":\"CCLA\",\"potentialAction\":[{\"@type\":\"SearchAction\",\"target\":{\"@type\":\"EntryPoint\",\"urlTemplate\":\"https:\\\/\\\/colegioconcepcionlosangeles.cl\\\/wp\\\/?s={search_term_string}\"},\"query-input\":{\"@type\":\"PropertyValueSpecification\",\"valueRequired\":true,\"valueName\":\"search_term_string\"}}],\"inLanguage\":\"es\"},{\"@type\":\"Organization\",\"@id\":\"https:\\\/\\\/colegioconcepcionlosangeles.cl\\\/wp\\\/#organization\",\"name\":\"Colegio Concepci\u00f3n Los \u00c1ngeles\",\"alternateName\":\"CCLA\",\"url\":\"https:\\\/\\\/colegioconcepcionlosangeles.cl\\\/wp\\\/\",\"logo\":{\"@type\":\"ImageObject\",\"inLanguage\":\"es\",\"@id\":\"https:\\\/\\\/colegioconcepcionlosangeles.cl\\\/wp\\\/#\\\/schema\\\/logo\\\/image\\\/\",\"url\":\"https:\\\/\\\/colegioconcepcionlosangeles.cl\\\/wp\\\/wp-content\\\/uploads\\\/2018\\\/03\\\/ccla-logo-75x.svg\",\"contentUrl\":\"https:\\\/\\\/colegioconcepcionlosangeles.cl\\\/wp\\\/wp-content\\\/uploads\\\/2018\\\/03\\\/ccla-logo-75x.svg\",\"width\":1,\"height\":1,\"caption\":\"Colegio Concepci\u00f3n Los \u00c1ngeles\"},\"image\":{\"@id\":\"https:\\\/\\\/colegioconcepcionlosangeles.cl\\\/wp\\\/#\\\/schema\\\/logo\\\/image\\\/\"},\"sameAs\":[\"https:\\\/\\\/www.facebook.com\\\/colegioconcepcion.la\",\"https:\\\/\\\/www.instagram.com\\\/colegioconcepcion.la\\\/\"]}]}<\/script>\n<!-- \/ Yoast SEO plugin. -->","yoast_head_json":{"title":"Atenci\u00f3n de Apoderados - Colegio Concepci\u00f3n Los \u00c1ngeles","description":"El Colegio Concepci\u00f3n Los \u00c1ngeles, es una instituci\u00f3n laica, pluralista y tolerante con m\u00e1s de 30 a\u00f1os de experiencia en la formaci\u00f3n de alumnos que hoy, como profesionales, aportan incansablemente al crecimiento del pa\u00eds y se perfilan como l\u00edderes de las instituciones en que laboran.","robots":{"index":"index","follow":"follow","max-snippet":"max-snippet:-1","max-image-preview":"max-image-preview:large","max-video-preview":"max-video-preview:-1"},"canonical":"https:\/\/colegioconcepcionlosangeles.cl\/wp\/atencion-de-apoderados\/","og_locale":"es_ES","og_type":"article","og_title":"Atenci\u00f3n de Apoderados - Colegio Concepci\u00f3n Los \u00c1ngeles","og_description":"El Colegio Concepci\u00f3n Los \u00c1ngeles, es una instituci\u00f3n laica, pluralista y tolerante con m\u00e1s de 30 a\u00f1os de experiencia en la formaci\u00f3n de alumnos que hoy, como profesionales, aportan incansablemente al crecimiento del pa\u00eds y se perfilan como l\u00edderes de las instituciones en que laboran.","og_url":"https:\/\/colegioconcepcionlosangeles.cl\/wp\/atencion-de-apoderados\/","og_site_name":"Colegio Concepci\u00f3n Los \u00c1ngeles","article_publisher":"https:\/\/www.facebook.com\/colegioconcepcion.la","article_modified_time":"2026-03-03T12:40:30+00:00","twitter_card":"summary_large_image","twitter_misc":{"Tiempo de lectura":"7 minutos"},"schema":{"@context":"https:\/\/schema.org","@graph":[{"@type":"WebPage","@id":"https:\/\/colegioconcepcionlosangeles.cl\/wp\/atencion-de-apoderados\/","url":"https:\/\/colegioconcepcionlosangeles.cl\/wp\/atencion-de-apoderados\/","name":"Atenci\u00f3n de Apoderados - Colegio Concepci\u00f3n Los \u00c1ngeles","isPartOf":{"@id":"https:\/\/colegioconcepcionlosangeles.cl\/wp\/#website"},"datePublished":"2016-03-14T16:27:40+00:00","dateModified":"2026-03-03T12:40:30+00:00","description":"El Colegio Concepci\u00f3n Los \u00c1ngeles, es una instituci\u00f3n laica, pluralista y tolerante con m\u00e1s de 30 a\u00f1os de experiencia en la formaci\u00f3n de alumnos que hoy, como profesionales, aportan incansablemente al crecimiento del pa\u00eds y se perfilan como l\u00edderes de las instituciones en que laboran.","breadcrumb":{"@id":"https:\/\/colegioconcepcionlosangeles.cl\/wp\/atencion-de-apoderados\/#breadcrumb"},"inLanguage":"es","potentialAction":[{"@type":"ReadAction","target":["https:\/\/colegioconcepcionlosangeles.cl\/wp\/atencion-de-apoderados\/"]}]},{"@type":"BreadcrumbList","@id":"https:\/\/colegioconcepcionlosangeles.cl\/wp\/atencion-de-apoderados\/#breadcrumb","itemListElement":[{"@type":"ListItem","position":1,"name":"Portada","item":"https:\/\/colegioconcepcionlosangeles.cl\/wp\/"},{"@type":"ListItem","position":2,"name":"Atenci\u00f3n de Apoderados"}]},{"@type":"WebSite","@id":"https:\/\/colegioconcepcionlosangeles.cl\/wp\/#website","url":"https:\/\/colegioconcepcionlosangeles.cl\/wp\/","name":"Colegio Concepci\u00f3n Los \u00c1ngeles","description":"FORMANDO L\u00cdDERES PARA EL FUTURO","publisher":{"@id":"https:\/\/colegioconcepcionlosangeles.cl\/wp\/#organization"},"alternateName":"CCLA","potentialAction":[{"@type":"SearchAction","target":{"@type":"EntryPoint","urlTemplate":"https:\/\/colegioconcepcionlosangeles.cl\/wp\/?s={search_term_string}"},"query-input":{"@type":"PropertyValueSpecification","valueRequired":true,"valueName":"search_term_string"}}],"inLanguage":"es"},{"@type":"Organization","@id":"https:\/\/colegioconcepcionlosangeles.cl\/wp\/#organization","name":"Colegio Concepci\u00f3n Los \u00c1ngeles","alternateName":"CCLA","url":"https:\/\/colegioconcepcionlosangeles.cl\/wp\/","logo":{"@type":"ImageObject","inLanguage":"es","@id":"https:\/\/colegioconcepcionlosangeles.cl\/wp\/#\/schema\/logo\/image\/","url":"https:\/\/colegioconcepcionlosangeles.cl\/wp\/wp-content\/uploads\/2018\/03\/ccla-logo-75x.svg","contentUrl":"https:\/\/colegioconcepcionlosangeles.cl\/wp\/wp-content\/uploads\/2018\/03\/ccla-logo-75x.svg","width":1,"height":1,"caption":"Colegio Concepci\u00f3n Los \u00c1ngeles"},"image":{"@id":"https:\/\/colegioconcepcionlosangeles.cl\/wp\/#\/schema\/logo\/image\/"},"sameAs":["https:\/\/www.facebook.com\/colegioconcepcion.la","https:\/\/www.instagram.com\/colegioconcepcion.la\/"]}]}},"jetpack_shortlink":"https:\/\/wp.me\/P7pFNL-h6","jetpack_sharing_enabled":true,"amp_enabled":true,"_links":{"self":[{"href":"https:\/\/colegioconcepcionlosangeles.cl\/wp\/wp-json\/wp\/v2\/pages\/1060","targetHints":{"allow":["GET"]}}],"collection":[{"href":"https:\/\/colegioconcepcionlosangeles.cl\/wp\/wp-json\/wp\/v2\/pages"}],"about":[{"href":"https:\/\/colegioconcepcionlosangeles.cl\/wp\/wp-json\/wp\/v2\/types\/page"}],"author":[{"embeddable":true,"href":"https:\/\/colegioconcepcionlosangeles.cl\/wp\/wp-json\/wp\/v2\/users\/1"}],"replies":[{"embeddable":true,"href":"https:\/\/colegioconcepcionlosangeles.cl\/wp\/wp-json\/wp\/v2\/comments?post=1060"}],"version-history":[{"count":0,"href":"https:\/\/colegioconcepcionlosangeles.cl\/wp\/wp-json\/wp\/v2\/pages\/1060\/revisions"}],"wp:attachment":[{"href":"https:\/\/colegioconcepcionlosangeles.cl\/wp\/wp-json\/wp\/v2\/media?parent=1060"}],"curies":[{"name":"wp","href":"https:\/\/api.w.org\/{rel}","templated":true}]}}